{"id":4016,"date":"2026-04-14T10:01:09","date_gmt":"2026-04-14T17:01:09","guid":{"rendered":"https:\/\/ws.local\/product\/thyrosense-thyroid-formula-vegetarian-capsules\/"},"modified":"2026-04-14T10:01:17","modified_gmt":"2026-04-14T17:01:17","slug":"thyrosense-formule-thyroide","status":"publish","type":"product","link":"https:\/\/womensense.com\/fr-ca\/product\/thyrosense-formule-thyroide\/","title":{"rendered":"ThyroSense formule thyro\u00efde"},"content":{"rendered":"<div class=\"fg-summary\">\n\t ThyroSense est une pr\u00e9paration nutritionnelle \u00e9quilibr\u00e9e  \u00e0 base de plantes, constitu\u00e9e de L-tyrosine, ashwagandha,  guggul, acide pantoth\u00e9nique, cuivre, mangan\u00e8se,  iode et s\u00e9l\u00e9nium. Les praticiens de la sant\u00e9 recommandent  ThyroSense pour soutenir la sant\u00e9 thyro\u00efdienne.  ThyroSense aide \u00e9galement l\u2019organisme \u00e0 m\u00e9taboliser  les glucides, les lipides et les prot\u00e9ines.\n<\/div>\n<ul class=\"fg-features\">\n<li> Nourrit et soutient la sant\u00e9 thyro\u00efdienne <\/li>\n<li> Soutient la conversion de l\u2019hormone T4 en T3 plus active <\/li>\n<li> Constitu\u00e9e de nutriments et de plantes b\u00e9n\u00e9fiques \u00e0 la sant\u00e9 thyro\u00efdienne <\/li>\n<li> Aide \u00e0 m\u00e9taboliser les glucides, les prot\u00e9ines et les lipides <\/li>\n<\/ul>\n","protected":false},"excerpt":{"rendered":"<div class=\"fg-summary\">\n\t ThyroSense est une pr\u00e9paration nutritionnelle \u00e9quilibr\u00e9e  \u00e0 base de plantes, constitu\u00e9e de L-tyrosine, ashwagandha,  guggul, acide pantoth\u00e9nique, cuivre, mangan\u00e8se,  iode et s\u00e9l\u00e9nium. Les praticiens de la sant\u00e9 recommandent  ThyroSense pour soutenir la sant\u00e9 thyro\u00efdienne.  ThyroSense aide \u00e9galement l\u2019organisme \u00e0 m\u00e9taboliser  les glucides, les lipides et les prot\u00e9ines.\n<\/div>\n<ul class=\"fg-features\">\n<li> Nourrit et soutient la sant\u00e9 thyro\u00efdienne <\/li>\n<li> Soutient la conversion de l\u2019hormone T4 en T3 plus active <\/li>\n<li> Constitu\u00e9e de nutriments et de plantes b\u00e9n\u00e9fiques \u00e0 la sant\u00e9 thyro\u00efdienne <\/li>\n<li> Aide \u00e0 m\u00e9taboliser les glucides, les prot\u00e9ines et les lipides <\/li>\n<\/ul>\n","protected":false},"featured_media":4774,"template":"","meta":{"_acf_changed":false,"_uag_custom_page_level_css":"","site-sidebar-layout":"default","site-content-layout":"","ast-site-content-layout":"default","site-content-style":"default","site-sidebar-style":"default","ast-global-header-display":"","ast-banner-title-visibility":"","ast-main-header-display":"","ast-hfb-above-header-display":"","ast-hfb-below-header-display":"","ast-hfb-mobile-header-display":"","site-post-title":"","ast-breadcrumbs-content":"","ast-featured-img":"","footer-sml-layout":"","ast-disable-related-posts":"","theme-transparent-header-meta":"","adv-header-id-meta":"","stick-header-meta":"","header-above-stick-meta":"","header-main-stick-meta":"","header-below-stick-meta":"","astra-migrate-meta-layouts":"default","ast-page-background-enabled":"default","ast-page-background-meta":{"desktop":{"background-color":"var(--ast-global-color-4)","background-image":"","background-repeat":"repeat","background-position":"center center","background-size":"auto","background-attachment":"scroll","background-type":"","background-media":"","overlay-type":"","overlay-color":"","overlay-opacity":"","overlay-gradient":""},"tablet":{"background-color":"","background-image":"","background-repeat":"repeat","background-position":"center center","background-size":"auto","background-attachment":"scroll","background-type":"","background-media":"","overlay-type":"","overlay-color":"","overlay-opacity":"","overlay-gradient":""},"mobile":{"background-color":"","background-image":"","background-repeat":"repeat","background-position":"center center","background-size":"auto","background-attachment":"scroll","background-type":"","background-media":"","overlay-type":"","overlay-color":"","overlay-opacity":"","overlay-gradient":""}},"ast-content-background-meta":{"desktop":{"background-color":"var(--ast-global-color-5)","background-image":"","background-repeat":"repeat","background-position":"center center","background-size":"auto","background-attachment":"scroll","background-type":"","background-media":"","overlay-type":"","overlay-color":"","overlay-opacity":"","overlay-gradient":""},"tablet":{"background-color":"var(--ast-global-color-5)","background-image":"","background-repeat":"repeat","background-position":"center center","background-size":"auto","background-attachment":"scroll","background-type":"","background-media":"","overlay-type":"","overlay-color":"","overlay-opacity":"","overlay-gradient":""},"mobile":{"background-color":"var(--ast-global-color-5)","background-image":"","background-repeat":"repeat","background-position":"center center","background-size":"auto","background-attachment":"scroll","background-type":"","background-media":"","overlay-type":"","overlay-color":"","overlay-opacity":"","overlay-gradient":""}}},"benefit":[286,262],"product_brand":[],"product_cat":[272],"product_tag":[170],"class_list":{"0":"post-4016","1":"product","2":"type-product","3":"status-publish","4":"has-post-thumbnail","6":"benefit-equilibre-de-lhumeur","7":"benefit-regulation-hormonale","8":"product_cat-ashwagandha","9":"product_tag-active","10":"desktop-align-center","11":"tablet-align-left","12":"mobile-align-left","13":"ast-product-gallery-layout-horizontal-slider","14":"ast-product-gallery-with-no-image","15":"ast-magnify-disabled","16":"ast-product-single-variable","17":"ast-product-tabs-layout-horizontal","19":"first","20":"instock","21":"product-type-variable","22":"has-default-attributes"},"acf":[],"yoast_head":"<!-- This site is optimized with the Yoast SEO plugin v27.4 - https:\/\/yoast.com\/product\/yoast-seo-wordpress\/ -->\n<title>ThyroSense formule thyro\u00efde - WomenSense French<\/title>\n<meta name=\"robots\" content=\"index, follow, max-snippet:-1, max-image-preview:large, max-video-preview:-1\" \/>\n<link rel=\"canonical\" href=\"https:\/\/womensense.com\/fr-ca\/product\/thyrosense-formule-thyroide\/\" \/>\n<meta property=\"og:locale\" content=\"fr_CA\" \/>\n<meta property=\"og:type\" content=\"article\" \/>\n<meta property=\"og:title\" content=\"ThyroSense formule thyro\u00efde - WomenSense French\" \/>\n<meta property=\"og:description\" content=\"ThyroSense est une pr\u00e9paration nutritionnelle \u00e9quilibr\u00e9e \u00e0 base de plantes, constitu\u00e9e de L-tyrosine, ashwagandha, guggul, acide pantoth\u00e9nique, cuivre, mangan\u00e8se, iode et s\u00e9l\u00e9nium. Les praticiens de la sant\u00e9 recommandent ThyroSense pour soutenir la sant\u00e9 thyro\u00efdienne. ThyroSense aide \u00e9galement l\u2019organisme \u00e0 m\u00e9taboliser les glucides, les lipides et les prot\u00e9ines.    Nourrit et soutient la sant\u00e9 thyro\u00efdienne  Soutient la conversion de l\u2019hormone T4 en T3 plus active  Constitu\u00e9e de nutriments et de plantes b\u00e9n\u00e9fiques \u00e0 la sant\u00e9 thyro\u00efdienne  Aide \u00e0 m\u00e9taboliser les glucides, les prot\u00e9ines et les lipides\" \/>\n<meta property=\"og:url\" content=\"https:\/\/womensense.com\/fr-ca\/product\/thyrosense-formule-thyroide\/\" \/>\n<meta property=\"og:site_name\" content=\"WomenSense French\" \/>\n<meta property=\"article:modified_time\" content=\"2026-04-14T17:01:17+00:00\" \/>\n<meta property=\"og:image\" content=\"https:\/\/womensense.com\/fr-ca\/wp-content\/uploads\/sites\/2\/2026\/04\/pn0558__image-hi-res__thyrosense-thyroid-formula-vegetarian-capsules__2810415.png\" \/>\n\t<meta property=\"og:image:width\" content=\"600\" \/>\n\t<meta property=\"og:image:height\" content=\"600\" \/>\n\t<meta property=\"og:image:type\" content=\"image\/png\" \/>\n<meta name=\"twitter:card\" content=\"summary_large_image\" \/>\n<script type=\"application\/ld+json\" class=\"yoast-schema-graph\">{\"@context\":\"https:\\\/\\\/schema.org\",\"@graph\":[{\"@type\":\"WebPage\",\"@id\":\"https:\\\/\\\/womensense.com\\\/fr-ca\\\/product\\\/thyrosense-formule-thyroide\\\/\",\"url\":\"https:\\\/\\\/womensense.com\\\/fr-ca\\\/product\\\/thyrosense-formule-thyroide\\\/\",\"name\":\"ThyroSense formule thyro\u00efde - WomenSense French\",\"isPartOf\":{\"@id\":\"https:\\\/\\\/womensense.com\\\/fr-ca\\\/#website\"},\"primaryImageOfPage\":{\"@id\":\"https:\\\/\\\/womensense.com\\\/fr-ca\\\/product\\\/thyrosense-formule-thyroide\\\/#primaryimage\"},\"image\":{\"@id\":\"https:\\\/\\\/womensense.com\\\/fr-ca\\\/product\\\/thyrosense-formule-thyroide\\\/#primaryimage\"},\"thumbnailUrl\":\"https:\\\/\\\/womensense.com\\\/fr-ca\\\/wp-content\\\/uploads\\\/sites\\\/2\\\/2026\\\/04\\\/pn0558__image-hi-res__thyrosense-thyroid-formula-vegetarian-capsules__2810415.png\",\"datePublished\":\"2026-04-14T17:01:09+00:00\",\"dateModified\":\"2026-04-14T17:01:17+00:00\",\"breadcrumb\":{\"@id\":\"https:\\\/\\\/womensense.com\\\/fr-ca\\\/product\\\/thyrosense-formule-thyroide\\\/#breadcrumb\"},\"inLanguage\":\"fr-CA\",\"potentialAction\":[{\"@type\":\"ReadAction\",\"target\":[\"https:\\\/\\\/womensense.com\\\/fr-ca\\\/product\\\/thyrosense-formule-thyroide\\\/\"]}]},{\"@type\":\"ImageObject\",\"inLanguage\":\"fr-CA\",\"@id\":\"https:\\\/\\\/womensense.com\\\/fr-ca\\\/product\\\/thyrosense-formule-thyroide\\\/#primaryimage\",\"url\":\"https:\\\/\\\/womensense.com\\\/fr-ca\\\/wp-content\\\/uploads\\\/sites\\\/2\\\/2026\\\/04\\\/pn0558__image-hi-res__thyrosense-thyroid-formula-vegetarian-capsules__2810415.png\",\"contentUrl\":\"https:\\\/\\\/womensense.com\\\/fr-ca\\\/wp-content\\\/uploads\\\/sites\\\/2\\\/2026\\\/04\\\/pn0558__image-hi-res__thyrosense-thyroid-formula-vegetarian-capsules__2810415.png\",\"width\":600,\"height\":600,\"caption\":\"ThyroSense(MD) formule thyrode capsules vgtariennes - Hi-Res - PN0558\"},{\"@type\":\"BreadcrumbList\",\"@id\":\"https:\\\/\\\/womensense.com\\\/fr-ca\\\/product\\\/thyrosense-formule-thyroide\\\/#breadcrumb\",\"itemListElement\":[{\"@type\":\"ListItem\",\"position\":1,\"name\":\"Home\",\"item\":\"https:\\\/\\\/womensense.com\\\/fr-ca\\\/\"},{\"@type\":\"ListItem\",\"position\":2,\"name\":\"Products\",\"item\":\"https:\\\/\\\/womensense.com\\\/fr-ca\\\/products\\\/\"},{\"@type\":\"ListItem\",\"position\":3,\"name\":\"ThyroSense formule thyro\u00efde\"}]},{\"@type\":\"WebSite\",\"@id\":\"https:\\\/\\\/womensense.com\\\/fr-ca\\\/#website\",\"url\":\"https:\\\/\\\/womensense.com\\\/fr-ca\\\/\",\"name\":\"WomenSense French\",\"description\":\"\",\"publisher\":{\"@id\":\"https:\\\/\\\/womensense.com\\\/fr-ca\\\/#organization\"},\"potentialAction\":[{\"@type\":\"SearchAction\",\"target\":{\"@type\":\"EntryPoint\",\"urlTemplate\":\"https:\\\/\\\/womensense.com\\\/fr-ca\\\/?s={search_term_string}\"},\"query-input\":{\"@type\":\"PropertyValueSpecification\",\"valueRequired\":true,\"valueName\":\"search_term_string\"}}],\"inLanguage\":\"fr-CA\"},{\"@type\":\"Organization\",\"@id\":\"https:\\\/\\\/womensense.com\\\/fr-ca\\\/#organization\",\"name\":\"WomenSense French\",\"url\":\"https:\\\/\\\/womensense.com\\\/fr-ca\\\/\",\"logo\":{\"@type\":\"ImageObject\",\"inLanguage\":\"fr-CA\",\"@id\":\"https:\\\/\\\/womensense.com\\\/fr-ca\\\/#\\\/schema\\\/logo\\\/image\\\/\",\"url\":\"https:\\\/\\\/womensense.com\\\/fr-ca\\\/wp-content\\\/uploads\\\/sites\\\/2\\\/2026\\\/02\\\/ws-logo.svg\",\"contentUrl\":\"https:\\\/\\\/womensense.com\\\/fr-ca\\\/wp-content\\\/uploads\\\/sites\\\/2\\\/2026\\\/02\\\/ws-logo.svg\",\"width\":1454,\"height\":662,\"caption\":\"WomenSense French\"},\"image\":{\"@id\":\"https:\\\/\\\/womensense.com\\\/fr-ca\\\/#\\\/schema\\\/logo\\\/image\\\/\"}}]}<\/script>\n<!-- \/ Yoast SEO plugin. -->","yoast_head_json":{"title":"ThyroSense formule thyro\u00efde - WomenSense French","robots":{"index":"index","follow":"follow","max-snippet":"max-snippet:-1","max-image-preview":"max-image-preview:large","max-video-preview":"max-video-preview:-1"},"canonical":"https:\/\/womensense.com\/fr-ca\/product\/thyrosense-formule-thyroide\/","og_locale":"fr_CA","og_type":"article","og_title":"ThyroSense formule thyro\u00efde - WomenSense French","og_description":"ThyroSense est une pr\u00e9paration nutritionnelle \u00e9quilibr\u00e9e \u00e0 base de plantes, constitu\u00e9e de L-tyrosine, ashwagandha, guggul, acide pantoth\u00e9nique, cuivre, mangan\u00e8se, iode et s\u00e9l\u00e9nium. Les praticiens de la sant\u00e9 recommandent ThyroSense pour soutenir la sant\u00e9 thyro\u00efdienne. ThyroSense aide \u00e9galement l\u2019organisme \u00e0 m\u00e9taboliser les glucides, les lipides et les prot\u00e9ines.    Nourrit et soutient la sant\u00e9 thyro\u00efdienne  Soutient la conversion de l\u2019hormone T4 en T3 plus active  Constitu\u00e9e de nutriments et de plantes b\u00e9n\u00e9fiques \u00e0 la sant\u00e9 thyro\u00efdienne  Aide \u00e0 m\u00e9taboliser les glucides, les prot\u00e9ines et les lipides","og_url":"https:\/\/womensense.com\/fr-ca\/product\/thyrosense-formule-thyroide\/","og_site_name":"WomenSense French","article_modified_time":"2026-04-14T17:01:17+00:00","og_image":[{"width":600,"height":600,"url":"https:\/\/womensense.com\/fr-ca\/wp-content\/uploads\/sites\/2\/2026\/04\/pn0558__image-hi-res__thyrosense-thyroid-formula-vegetarian-capsules__2810415.png","type":"image\/png"}],"twitter_card":"summary_large_image","schema":{"@context":"https:\/\/schema.org","@graph":[{"@type":"WebPage","@id":"https:\/\/womensense.com\/fr-ca\/product\/thyrosense-formule-thyroide\/","url":"https:\/\/womensense.com\/fr-ca\/product\/thyrosense-formule-thyroide\/","name":"ThyroSense formule thyro\u00efde - WomenSense French","isPartOf":{"@id":"https:\/\/womensense.com\/fr-ca\/#website"},"primaryImageOfPage":{"@id":"https:\/\/womensense.com\/fr-ca\/product\/thyrosense-formule-thyroide\/#primaryimage"},"image":{"@id":"https:\/\/womensense.com\/fr-ca\/product\/thyrosense-formule-thyroide\/#primaryimage"},"thumbnailUrl":"https:\/\/womensense.com\/fr-ca\/wp-content\/uploads\/sites\/2\/2026\/04\/pn0558__image-hi-res__thyrosense-thyroid-formula-vegetarian-capsules__2810415.png","datePublished":"2026-04-14T17:01:09+00:00","dateModified":"2026-04-14T17:01:17+00:00","breadcrumb":{"@id":"https:\/\/womensense.com\/fr-ca\/product\/thyrosense-formule-thyroide\/#breadcrumb"},"inLanguage":"fr-CA","potentialAction":[{"@type":"ReadAction","target":["https:\/\/womensense.com\/fr-ca\/product\/thyrosense-formule-thyroide\/"]}]},{"@type":"ImageObject","inLanguage":"fr-CA","@id":"https:\/\/womensense.com\/fr-ca\/product\/thyrosense-formule-thyroide\/#primaryimage","url":"https:\/\/womensense.com\/fr-ca\/wp-content\/uploads\/sites\/2\/2026\/04\/pn0558__image-hi-res__thyrosense-thyroid-formula-vegetarian-capsules__2810415.png","contentUrl":"https:\/\/womensense.com\/fr-ca\/wp-content\/uploads\/sites\/2\/2026\/04\/pn0558__image-hi-res__thyrosense-thyroid-formula-vegetarian-capsules__2810415.png","width":600,"height":600,"caption":"ThyroSense(MD) formule thyrode capsules vgtariennes - Hi-Res - PN0558"},{"@type":"BreadcrumbList","@id":"https:\/\/womensense.com\/fr-ca\/product\/thyrosense-formule-thyroide\/#breadcrumb","itemListElement":[{"@type":"ListItem","position":1,"name":"Home","item":"https:\/\/womensense.com\/fr-ca\/"},{"@type":"ListItem","position":2,"name":"Products","item":"https:\/\/womensense.com\/fr-ca\/products\/"},{"@type":"ListItem","position":3,"name":"ThyroSense formule thyro\u00efde"}]},{"@type":"WebSite","@id":"https:\/\/womensense.com\/fr-ca\/#website","url":"https:\/\/womensense.com\/fr-ca\/","name":"WomenSense French","description":"","publisher":{"@id":"https:\/\/womensense.com\/fr-ca\/#organization"},"potentialAction":[{"@type":"SearchAction","target":{"@type":"EntryPoint","urlTemplate":"https:\/\/womensense.com\/fr-ca\/?s={search_term_string}"},"query-input":{"@type":"PropertyValueSpecification","valueRequired":true,"valueName":"search_term_string"}}],"inLanguage":"fr-CA"},{"@type":"Organization","@id":"https:\/\/womensense.com\/fr-ca\/#organization","name":"WomenSense French","url":"https:\/\/womensense.com\/fr-ca\/","logo":{"@type":"ImageObject","inLanguage":"fr-CA","@id":"https:\/\/womensense.com\/fr-ca\/#\/schema\/logo\/image\/","url":"https:\/\/womensense.com\/fr-ca\/wp-content\/uploads\/sites\/2\/2026\/02\/ws-logo.svg","contentUrl":"https:\/\/womensense.com\/fr-ca\/wp-content\/uploads\/sites\/2\/2026\/02\/ws-logo.svg","width":1454,"height":662,"caption":"WomenSense French"},"image":{"@id":"https:\/\/womensense.com\/fr-ca\/#\/schema\/logo\/image\/"}}]}},"spectra_custom_meta":{"total_sales":["0"],"_stock_status":["instock"],"product_title_wrapper_bg":["product_title_wrapper_bg--blue"],"_product_title_wrapper_bg":["field_69976ef3c879f"],"_wp_old_slug":["thyrosense-thyroid-formula-vegetarian-capsules","thyrosense-thyroid-formula__trashed","thyrosense-thyroid-formula"],"_wc_review_count":["0"],"_wc_rating_count":["0"],"_wc_average_rating":["0"],"_sku":["PN0558"],"_tax_status":["none"],"_tax_class":[""],"_manage_stock":["no"],"_backorders":["no"],"_sold_individually":["no"],"_virtual":["no"],"_downloadable":["no"],"_download_limit":["-1"],"_download_expiry":["-1"],"_stock":[null],"_product_attributes":["a:1:{s:4:\"size\";a:6:{s:4:\"name\";s:4:\"Size\";s:5:\"value\";s:88:\"210\u00a0capsules v\u00e9g\u00e9tariennes|90\u00a0capsules v\u00e9g\u00e9tariennes|180\u00a0capsules v\u00e9g\u00e9tariennes\";s:8:\"position\";i:0;s:10:\"is_visible\";b:1;s:12:\"is_variation\";b:1;s:11:\"is_taxonomy\";b:0;}}"],"_product_version":["10.6.2"],"__is_newly_created_product":[""],"__first_variation_id":["4017"],"_product_id":["field_668afd01d6a11"],"product_id":["AN-CA-6-28826-00558-2"],"_subtitle":["field_68bb7abccd685"],"subtitle":[""],"_body":["field_66652d1802dae"],"body":[""],"_excerpt":["field_66652d2f02daf"],"excerpt":[""],"_marketing_summary":["field_68bb7bb6cd689"],"marketing_summary":["ThyroSense est une pr\u00e9paration nutritionnelle \u00e9quilibr\u00e9e  \u00e0 base de plantes, constitu\u00e9e de L-tyrosine, ashwagandha,  guggul, acide pantoth\u00e9nique, cuivre, mangan\u00e8se,  iode et s\u00e9l\u00e9nium. Les praticiens de la sant\u00e9 recommandent  ThyroSense pour soutenir la sant\u00e9 thyro\u00efdienne.  ThyroSense aide \u00e9galement l\u2019organisme \u00e0 m\u00e9taboliser  les glucides, les lipides et les prot\u00e9ines."],"_medicinal_ingredients":["field_66652dba0405a"],"medicinal_ingredients":["<table class=\"fg-table\" border=\"1\" collapse=\"collapse\"> <thead class=\"fg-head\"> <tr> <td colspan=\"2\"><b>Chaque 2 capsules v\u00e9g\u00e9tariennes contiennent : <\/td> <\/tr> <\/thead> <tbody> <tr> <td colspan=\"2\">Ingr\u00e9dients m\u00e9dicinaux : <\/td> <\/tr> <tr> <td colspan=\"1\">L-tyrosine <\/td> <td> 500 mg<\/td> <\/tr> <tr> <td colspan=\"1\">Extrait d\u2019ashwagandha (5:1) (Withania somnifera) (racine) <\/td> <td> 150 mg<\/td> <\/tr> <tr> <td colspan=\"1\">Extrait de guggul (Commiphora wightii) (gomme-ol\u00e9or\u00e9sine) (2,5 % de guggulst\u00e9rones) <\/td> <td> 120 mg<\/td> <\/tr> <tr> <td colspan=\"1\">Acide pantoth\u00e9nique (d-pantoth\u00e9nate de calcium) <\/td> <td> 100 mg<\/td> <\/tr> <tr> <td colspan=\"1\">Cuivre (gluconate) <\/td> <td> 500 mg<\/td> <\/tr> <tr> <td colspan=\"1\">Mangan\u00e8se (citrate) <\/td> <td> 500 mg<\/td> <\/tr> <tr> <td colspan=\"1\">Iode (iodure de potassium) <\/td> <td> 100 mg<\/td> <\/tr> <tr> <td colspan=\"1\">S\u00e9l\u00e9nium (s\u00e9l\u00e9nom\u00e9thionine) <\/td> <td> 50 mg<\/td> <\/tr> <\/tbody> <\/table>"],"_non_medicinal_ingredients":["field_66652dd456ed8"],"non_medicinal_ingredients":["&nbsp;capsule v\u00e9g\u00e9tarienne (gomme de glucides, eau purifi\u00e9e), cellulose microcristalline, st\u00e9arate de magn\u00e9sium d\u2019origine v\u00e9g\u00e9tale (lubrifiant)."],"_recommended_purpose":["field_68bb7b43cd688"],"recommended_purpose":["<ul><li>Favorise la sant\u00e9 de la glande thyro\u00efde et son bon fonctionnement.&nbsp;<\/li><li>Aide l\u2019organisme \u00e0 m\u00e9taboliser les nutriments.<\/li><\/ul>"],"_recommended_dose":["field_6665306d56edd"],"recommended_dose":["Posologie recommand\u00e9e (adultes) : 2 \u00e0 4 capsules par jour (2&nbsp;capsules au petit-d\u00e9jeuner et 2&nbsp;capsules au d\u00e9jeuner) ou suivre les recommandations d\u2019un praticien de la sant\u00e9."],"_allergen_statement":["field_66652e0e56ed9"],"allergen_statement":["Ce produit ne contient pas d\u2019agents de conservation, colorants ou \u00e9dulcorants artificiels ; sans produits laitiers, amidon, sucre, bl\u00e9, gluten, levure, soja, \u0153ufs, poissons, fruits de mer, produits animaux, sel, noix ni OGM. Convient aux v\u00e9g\u00e9tariens et v\u00e9g\u00e9taliens."],"_label_caution":["field_6665307456ede"],"label_caution":["&nbsp;Ne pas utiliser en cas de grossesse ou d\u2019allaitement. Consulter un praticien de la sant\u00e9 avant l\u2019usage si vous suivez un r\u00e9gime faible en prot\u00e9ines ou si vous avez des ant\u00e9c\u00e9dents de cancer de la peau non m\u00e9lanique. La consommation de ce produit en association avec des boissons alcoolis\u00e9es ou tout autre m\u00e9dicament ou produit de sant\u00e9 naturel ayant des effets s\u00e9datifs est d\u00e9conseill\u00e9e. Conserver hors de la port\u00e9e des enfants.&nbsp;"],"_strength":["field_6665304656eda"],"strength":[""],"_flavour":["field_6665305356edb"],"flavour":[""],"_form":["field_6665305a56edc"],"form":["capsules v\u00e9g\u00e9tariennes"],"_npn":["field_68bb7ac9cd686"],"npn":["80057648"],"_benefits":["field_69b84b4228258"],"benefits":[""],"_costco_product":["field_68bb7b36cd687"],"costco_product":[""],"_alt_lang_handle":["field_68bb7bc7cd68a"],"alt_lang_handle":[""],"_headline":["field_69d4403ef16a8"],"headline":["AM\u00c9LIORE LES SYMPT\u00d4MES D\u2019HYPOTHYRO\u00cfDIE"],"_wp_page_template":["default"],"_thumbnail_id":["4774"],"_product_image_gallery":[""],"_default_attributes":["a:1:{s:4:\"size\";s:29:\"210\u00a0capsules v\u00e9g\u00e9tariennes\";}"],"_price":["1","24.07","43.17"],"_uag_css_file_name":["uag-css-4016.css"],"_uag_page_assets":["a:9:{s:3:\"css\";s:0:\"\";s:2:\"js\";s:0:\"\";s:18:\"current_block_list\";a:11:{i:0;s:11:\"core\/search\";i:1;s:10:\"core\/group\";i:2;s:12:\"core\/heading\";i:3;s:17:\"core\/latest-posts\";i:4;s:20:\"core\/latest-comments\";i:5;s:13:\"core\/archives\";i:6;s:15:\"core\/categories\";i:7;s:26:\"woocommerce\/product-search\";i:8;s:17:\"core\/widget-group\";i:9;s:30:\"woocommerce\/product-categories\";i:10;s:22:\"lloc\/msls-widget-block\";}s:8:\"uag_flag\";b:0;s:11:\"uag_version\";i:1776432492;s:6:\"gfonts\";a:0:{}s:10:\"gfonts_url\";s:0:\"\";s:12:\"gfonts_files\";a:0:{}s:14:\"uag_faq_layout\";b:0;}"]},"uagb_featured_image_src":{"full":["https:\/\/womensense.com\/fr-ca\/wp-content\/uploads\/sites\/2\/2026\/04\/pn0558__image-hi-res__thyrosense-thyroid-formula-vegetarian-capsules__2810415.png",600,600,false],"thumbnail":["https:\/\/womensense.com\/fr-ca\/wp-content\/uploads\/sites\/2\/2026\/04\/pn0558__image-hi-res__thyrosense-thyroid-formula-vegetarian-capsules__2810415-150x150.png",150,150,true],"medium":["https:\/\/womensense.com\/fr-ca\/wp-content\/uploads\/sites\/2\/2026\/04\/pn0558__image-hi-res__thyrosense-thyroid-formula-vegetarian-capsules__2810415-300x300.png",300,300,true],"medium_large":["https:\/\/womensense.com\/fr-ca\/wp-content\/uploads\/sites\/2\/2026\/04\/pn0558__image-hi-res__thyrosense-thyroid-formula-vegetarian-capsules__2810415.png",600,600,false],"large":["https:\/\/womensense.com\/fr-ca\/wp-content\/uploads\/sites\/2\/2026\/04\/pn0558__image-hi-res__thyrosense-thyroid-formula-vegetarian-capsules__2810415.png",600,600,false],"1536x1536":["https:\/\/womensense.com\/fr-ca\/wp-content\/uploads\/sites\/2\/2026\/04\/pn0558__image-hi-res__thyrosense-thyroid-formula-vegetarian-capsules__2810415.png",600,600,false],"2048x2048":["https:\/\/womensense.com\/fr-ca\/wp-content\/uploads\/sites\/2\/2026\/04\/pn0558__image-hi-res__thyrosense-thyroid-formula-vegetarian-capsules__2810415.png",600,600,false],"gform-image-choice-sm":["https:\/\/womensense.com\/fr-ca\/wp-content\/uploads\/sites\/2\/2026\/04\/pn0558__image-hi-res__thyrosense-thyroid-formula-vegetarian-capsules__2810415.png",300,300,false],"gform-image-choice-md":["https:\/\/womensense.com\/fr-ca\/wp-content\/uploads\/sites\/2\/2026\/04\/pn0558__image-hi-res__thyrosense-thyroid-formula-vegetarian-capsules__2810415.png",400,400,false],"gform-image-choice-lg":["https:\/\/womensense.com\/fr-ca\/wp-content\/uploads\/sites\/2\/2026\/04\/pn0558__image-hi-res__thyrosense-thyroid-formula-vegetarian-capsules__2810415.png",600,600,false],"woocommerce_thumbnail":["https:\/\/womensense.com\/fr-ca\/wp-content\/uploads\/sites\/2\/2026\/04\/pn0558__image-hi-res__thyrosense-thyroid-formula-vegetarian-capsules__2810415-300x300.png",300,300,true],"woocommerce_single":["https:\/\/womensense.com\/fr-ca\/wp-content\/uploads\/sites\/2\/2026\/04\/pn0558__image-hi-res__thyrosense-thyroid-formula-vegetarian-capsules__2810415.png",600,600,false],"woocommerce_gallery_thumbnail":["https:\/\/womensense.com\/fr-ca\/wp-content\/uploads\/sites\/2\/2026\/04\/pn0558__image-hi-res__thyrosense-thyroid-formula-vegetarian-capsules__2810415-100x100.png",100,100,true]},"uagb_author_info":{"display_name":"Shiva Thomson","author_link":"https:\/\/womensense.com\/fr-ca\/author\/"},"uagb_comment_info":0,"uagb_excerpt":"ThyroSense est une pr\u00e9paration nutritionnelle \u00e9quilibr\u00e9e \u00e0 base de plantes, constitu\u00e9e de L-tyrosine, ashwagandha, guggul, acide pantoth\u00e9nique, cuivre, mangan\u00e8se, iode et s\u00e9l\u00e9nium. Les praticiens de la sant\u00e9 recommandent ThyroSense pour soutenir la sant\u00e9 thyro\u00efdienne. ThyroSense aide \u00e9galement l\u2019organisme \u00e0 m\u00e9taboliser les glucides, les lipides et les prot\u00e9ines. Nourrit et soutient la sant\u00e9 thyro\u00efdienne Soutient la&hellip;","_links":{"self":[{"href":"https:\/\/womensense.com\/fr-ca\/wp-json\/wp\/v2\/product\/4016","targetHints":{"allow":["GET"]}}],"collection":[{"href":"https:\/\/womensense.com\/fr-ca\/wp-json\/wp\/v2\/product"}],"about":[{"href":"https:\/\/womensense.com\/fr-ca\/wp-json\/wp\/v2\/types\/product"}],"wp:featuredmedia":[{"embeddable":true,"href":"https:\/\/womensense.com\/fr-ca\/wp-json\/wp\/v2\/media\/4774"}],"wp:attachment":[{"href":"https:\/\/womensense.com\/fr-ca\/wp-json\/wp\/v2\/media?parent=4016"}],"wp:term":[{"taxonomy":"benefit","embeddable":true,"href":"https:\/\/womensense.com\/fr-ca\/wp-json\/wp\/v2\/benefit?post=4016"},{"taxonomy":"product_brand","embeddable":true,"href":"https:\/\/womensense.com\/fr-ca\/wp-json\/wp\/v2\/product_brand?post=4016"},{"taxonomy":"product_cat","embeddable":true,"href":"https:\/\/womensense.com\/fr-ca\/wp-json\/wp\/v2\/product_cat?post=4016"},{"taxonomy":"product_tag","embeddable":true,"href":"https:\/\/womensense.com\/fr-ca\/wp-json\/wp\/v2\/product_tag?post=4016"}],"curies":[{"name":"wp","href":"https:\/\/api.w.org\/{rel}","templated":true}]}}