{"id":4031,"date":"2026-04-14T08:52:37","date_gmt":"2026-04-14T15:52:37","guid":{"rendered":"https:\/\/ws.local\/product\/bladdersense-urinary-incontinence-formula\/"},"modified":"2026-04-14T08:52:41","modified_gmt":"2026-04-14T15:52:41","slug":"bladdersense-formule-incontinence-urinaire","status":"publish","type":"product","link":"https:\/\/womensense.com\/fr-ca\/product\/bladdersense-formule-incontinence-urinaire\/","title":{"rendered":"BladderSense formule incontinence urinaire"},"content":{"rendered":"<div class=\"fg-summary\">\n\tBladderSense constitue un traitement de soutien contre l\u2019irritation de la vessie. Cette formule sans OGM ni gluten contient un extrait de p\u00e9pins de citrouille hydrosoluble qui est facilement absorb\u00e9 par l\u2019organisme. Les graines de citrouille sont utilis\u00e9es depuis longtemps comme traitement de l\u2019incontinence et comme aide naturelle pour la saine r\u00e9gulation d\u2019une vessie hyperactive.\n<\/div>\n<ul class=\"fg-features\">\n<li>Aide au contr\u00f4le de l\u2019incontinence urinaire<\/li>\n<li>Aide \u00e0 la r\u00e9gulation d\u2019une vessie hyperactive<\/li>\n<li>Constitue une th\u00e9rapie de soutien contre l\u2019irritation de la vessie<\/li>\n<li>R\u00e9duit la fr\u00e9quence des mictions nocturnes<\/li>\n<\/ul>\n","protected":false},"excerpt":{"rendered":"<div class=\"fg-summary\">\n\tBladderSense constitue un traitement de soutien contre l\u2019irritation de la vessie. Cette formule sans OGM ni gluten contient un extrait de p\u00e9pins de citrouille hydrosoluble qui est facilement absorb\u00e9 par l\u2019organisme. Les graines de citrouille sont utilis\u00e9es depuis longtemps comme traitement de l\u2019incontinence et comme aide naturelle pour la saine r\u00e9gulation d\u2019une vessie hyperactive.\n<\/div>\n<ul class=\"fg-features\">\n<li>Aide au contr\u00f4le de l\u2019incontinence urinaire<\/li>\n<li>Aide \u00e0 la r\u00e9gulation d\u2019une vessie hyperactive<\/li>\n<li>Constitue une th\u00e9rapie de soutien contre l\u2019irritation de la vessie<\/li>\n<li>R\u00e9duit la fr\u00e9quence des mictions nocturnes<\/li>\n<\/ul>\n","protected":false},"featured_media":4780,"template":"","meta":{"_acf_changed":false,"_uag_custom_page_level_css":"","site-sidebar-layout":"default","site-content-layout":"","ast-site-content-layout":"default","site-content-style":"default","site-sidebar-style":"default","ast-global-header-display":"","ast-banner-title-visibility":"","ast-main-header-display":"","ast-hfb-above-header-display":"","ast-hfb-below-header-display":"","ast-hfb-mobile-header-display":"","site-post-title":"","ast-breadcrumbs-content":"","ast-featured-img":"","footer-sml-layout":"","ast-disable-related-posts":"","theme-transparent-header-meta":"","adv-header-id-meta":"","stick-header-meta":"","header-above-stick-meta":"","header-main-stick-meta":"","header-below-stick-meta":"","astra-migrate-meta-layouts":"default","ast-page-background-enabled":"default","ast-page-background-meta":{"desktop":{"background-color":"var(--ast-global-color-4)","background-image":"","background-repeat":"repeat","background-position":"center center","background-size":"auto","background-attachment":"scroll","background-type":"","background-media":"","overlay-type":"","overlay-color":"","overlay-opacity":"","overlay-gradient":""},"tablet":{"background-color":"","background-image":"","background-repeat":"repeat","background-position":"center center","background-size":"auto","background-attachment":"scroll","background-type":"","background-media":"","overlay-type":"","overlay-color":"","overlay-opacity":"","overlay-gradient":""},"mobile":{"background-color":"","background-image":"","background-repeat":"repeat","background-position":"center center","background-size":"auto","background-attachment":"scroll","background-type":"","background-media":"","overlay-type":"","overlay-color":"","overlay-opacity":"","overlay-gradient":""}},"ast-content-background-meta":{"desktop":{"background-color":"var(--ast-global-color-5)","background-image":"","background-repeat":"repeat","background-position":"center center","background-size":"auto","background-attachment":"scroll","background-type":"","background-media":"","overlay-type":"","overlay-color":"","overlay-opacity":"","overlay-gradient":""},"tablet":{"background-color":"var(--ast-global-color-5)","background-image":"","background-repeat":"repeat","background-position":"center center","background-size":"auto","background-attachment":"scroll","background-type":"","background-media":"","overlay-type":"","overlay-color":"","overlay-opacity":"","overlay-gradient":""},"mobile":{"background-color":"var(--ast-global-color-5)","background-image":"","background-repeat":"repeat","background-position":"center center","background-size":"auto","background-attachment":"scroll","background-type":"","background-media":"","overlay-type":"","overlay-color":"","overlay-opacity":"","overlay-gradient":""}}},"benefit":[263],"product_brand":[],"product_cat":[],"product_tag":[170],"class_list":{"0":"post-4031","1":"product","2":"type-product","3":"status-publish","4":"has-post-thumbnail","6":"benefit-menopause","7":"product_tag-active","8":"desktop-align-center","9":"tablet-align-left","10":"mobile-align-left","11":"ast-product-gallery-layout-horizontal-slider","12":"ast-product-gallery-with-no-image","13":"ast-magnify-disabled","14":"ast-product-single-variable","15":"ast-product-tabs-layout-horizontal","17":"first","18":"instock","19":"product-type-variable","20":"has-default-attributes"},"acf":[],"yoast_head":"<!-- This site is optimized with the Yoast SEO plugin v27.4 - https:\/\/yoast.com\/product\/yoast-seo-wordpress\/ -->\n<title>BladderSense formule incontinence urinaire - WomenSense French<\/title>\n<meta name=\"robots\" content=\"index, follow, max-snippet:-1, max-image-preview:large, max-video-preview:-1\" \/>\n<link rel=\"canonical\" href=\"https:\/\/womensense.com\/fr-ca\/product\/bladdersense-formule-incontinence-urinaire\/\" \/>\n<meta property=\"og:locale\" content=\"fr_CA\" \/>\n<meta property=\"og:type\" content=\"article\" \/>\n<meta property=\"og:title\" content=\"BladderSense formule incontinence urinaire - WomenSense French\" \/>\n<meta property=\"og:description\" content=\"BladderSense constitue un traitement de soutien contre l\u2019irritation de la vessie. Cette formule sans OGM ni gluten contient un extrait de p\u00e9pins de citrouille hydrosoluble qui est facilement absorb\u00e9 par l\u2019organisme. Les graines de citrouille sont utilis\u00e9es depuis longtemps comme traitement de l\u2019incontinence et comme aide naturelle pour la saine r\u00e9gulation d\u2019une vessie hyperactive.   Aide au contr\u00f4le de l\u2019incontinence urinaire Aide \u00e0 la r\u00e9gulation d\u2019une vessie hyperactive Constitue une th\u00e9rapie de soutien contre l\u2019irritation de la vessie R\u00e9duit la fr\u00e9quence des mictions nocturnes\" \/>\n<meta property=\"og:url\" content=\"https:\/\/womensense.com\/fr-ca\/product\/bladdersense-formule-incontinence-urinaire\/\" \/>\n<meta property=\"og:site_name\" content=\"WomenSense French\" \/>\n<meta property=\"article:modified_time\" content=\"2026-04-14T15:52:41+00:00\" \/>\n<meta property=\"og:image\" content=\"https:\/\/womensense.com\/fr-ca\/wp-content\/uploads\/sites\/2\/2026\/04\/pn0176__image-hi-res__bladdersense-urinary-incontinence-formula__889981.png\" \/>\n\t<meta property=\"og:image:width\" content=\"600\" \/>\n\t<meta property=\"og:image:height\" content=\"600\" \/>\n\t<meta property=\"og:image:type\" content=\"image\/png\" \/>\n<meta name=\"twitter:card\" content=\"summary_large_image\" \/>\n<script type=\"application\/ld+json\" class=\"yoast-schema-graph\">{\"@context\":\"https:\\\/\\\/schema.org\",\"@graph\":[{\"@type\":\"WebPage\",\"@id\":\"https:\\\/\\\/womensense.com\\\/fr-ca\\\/product\\\/bladdersense-formule-incontinence-urinaire\\\/\",\"url\":\"https:\\\/\\\/womensense.com\\\/fr-ca\\\/product\\\/bladdersense-formule-incontinence-urinaire\\\/\",\"name\":\"BladderSense formule incontinence urinaire - WomenSense French\",\"isPartOf\":{\"@id\":\"https:\\\/\\\/womensense.com\\\/fr-ca\\\/#website\"},\"primaryImageOfPage\":{\"@id\":\"https:\\\/\\\/womensense.com\\\/fr-ca\\\/product\\\/bladdersense-formule-incontinence-urinaire\\\/#primaryimage\"},\"image\":{\"@id\":\"https:\\\/\\\/womensense.com\\\/fr-ca\\\/product\\\/bladdersense-formule-incontinence-urinaire\\\/#primaryimage\"},\"thumbnailUrl\":\"https:\\\/\\\/womensense.com\\\/fr-ca\\\/wp-content\\\/uploads\\\/sites\\\/2\\\/2026\\\/04\\\/pn0176__image-hi-res__bladdersense-urinary-incontinence-formula__889981.png\",\"datePublished\":\"2026-04-14T15:52:37+00:00\",\"dateModified\":\"2026-04-14T15:52:41+00:00\",\"breadcrumb\":{\"@id\":\"https:\\\/\\\/womensense.com\\\/fr-ca\\\/product\\\/bladdersense-formule-incontinence-urinaire\\\/#breadcrumb\"},\"inLanguage\":\"fr-CA\",\"potentialAction\":[{\"@type\":\"ReadAction\",\"target\":[\"https:\\\/\\\/womensense.com\\\/fr-ca\\\/product\\\/bladdersense-formule-incontinence-urinaire\\\/\"]}]},{\"@type\":\"ImageObject\",\"inLanguage\":\"fr-CA\",\"@id\":\"https:\\\/\\\/womensense.com\\\/fr-ca\\\/product\\\/bladdersense-formule-incontinence-urinaire\\\/#primaryimage\",\"url\":\"https:\\\/\\\/womensense.com\\\/fr-ca\\\/wp-content\\\/uploads\\\/sites\\\/2\\\/2026\\\/04\\\/pn0176__image-hi-res__bladdersense-urinary-incontinence-formula__889981.png\",\"contentUrl\":\"https:\\\/\\\/womensense.com\\\/fr-ca\\\/wp-content\\\/uploads\\\/sites\\\/2\\\/2026\\\/04\\\/pn0176__image-hi-res__bladdersense-urinary-incontinence-formula__889981.png\",\"width\":600,\"height\":600,\"caption\":\"BladderSense(MC) formule incontinence urinaire - Hi-Res - PN0176\"},{\"@type\":\"BreadcrumbList\",\"@id\":\"https:\\\/\\\/womensense.com\\\/fr-ca\\\/product\\\/bladdersense-formule-incontinence-urinaire\\\/#breadcrumb\",\"itemListElement\":[{\"@type\":\"ListItem\",\"position\":1,\"name\":\"Home\",\"item\":\"https:\\\/\\\/womensense.com\\\/fr-ca\\\/\"},{\"@type\":\"ListItem\",\"position\":2,\"name\":\"Products\",\"item\":\"https:\\\/\\\/womensense.com\\\/fr-ca\\\/products\\\/\"},{\"@type\":\"ListItem\",\"position\":3,\"name\":\"BladderSense formule incontinence urinaire\"}]},{\"@type\":\"WebSite\",\"@id\":\"https:\\\/\\\/womensense.com\\\/fr-ca\\\/#website\",\"url\":\"https:\\\/\\\/womensense.com\\\/fr-ca\\\/\",\"name\":\"WomenSense French\",\"description\":\"\",\"publisher\":{\"@id\":\"https:\\\/\\\/womensense.com\\\/fr-ca\\\/#organization\"},\"potentialAction\":[{\"@type\":\"SearchAction\",\"target\":{\"@type\":\"EntryPoint\",\"urlTemplate\":\"https:\\\/\\\/womensense.com\\\/fr-ca\\\/?s={search_term_string}\"},\"query-input\":{\"@type\":\"PropertyValueSpecification\",\"valueRequired\":true,\"valueName\":\"search_term_string\"}}],\"inLanguage\":\"fr-CA\"},{\"@type\":\"Organization\",\"@id\":\"https:\\\/\\\/womensense.com\\\/fr-ca\\\/#organization\",\"name\":\"WomenSense French\",\"url\":\"https:\\\/\\\/womensense.com\\\/fr-ca\\\/\",\"logo\":{\"@type\":\"ImageObject\",\"inLanguage\":\"fr-CA\",\"@id\":\"https:\\\/\\\/womensense.com\\\/fr-ca\\\/#\\\/schema\\\/logo\\\/image\\\/\",\"url\":\"https:\\\/\\\/womensense.com\\\/fr-ca\\\/wp-content\\\/uploads\\\/sites\\\/2\\\/2026\\\/02\\\/ws-logo.svg\",\"contentUrl\":\"https:\\\/\\\/womensense.com\\\/fr-ca\\\/wp-content\\\/uploads\\\/sites\\\/2\\\/2026\\\/02\\\/ws-logo.svg\",\"width\":1454,\"height\":662,\"caption\":\"WomenSense French\"},\"image\":{\"@id\":\"https:\\\/\\\/womensense.com\\\/fr-ca\\\/#\\\/schema\\\/logo\\\/image\\\/\"}}]}<\/script>\n<!-- \/ Yoast SEO plugin. -->","yoast_head_json":{"title":"BladderSense formule incontinence urinaire - WomenSense French","robots":{"index":"index","follow":"follow","max-snippet":"max-snippet:-1","max-image-preview":"max-image-preview:large","max-video-preview":"max-video-preview:-1"},"canonical":"https:\/\/womensense.com\/fr-ca\/product\/bladdersense-formule-incontinence-urinaire\/","og_locale":"fr_CA","og_type":"article","og_title":"BladderSense formule incontinence urinaire - WomenSense French","og_description":"BladderSense constitue un traitement de soutien contre l\u2019irritation de la vessie. Cette formule sans OGM ni gluten contient un extrait de p\u00e9pins de citrouille hydrosoluble qui est facilement absorb\u00e9 par l\u2019organisme. Les graines de citrouille sont utilis\u00e9es depuis longtemps comme traitement de l\u2019incontinence et comme aide naturelle pour la saine r\u00e9gulation d\u2019une vessie hyperactive.   Aide au contr\u00f4le de l\u2019incontinence urinaire Aide \u00e0 la r\u00e9gulation d\u2019une vessie hyperactive Constitue une th\u00e9rapie de soutien contre l\u2019irritation de la vessie R\u00e9duit la fr\u00e9quence des mictions nocturnes","og_url":"https:\/\/womensense.com\/fr-ca\/product\/bladdersense-formule-incontinence-urinaire\/","og_site_name":"WomenSense French","article_modified_time":"2026-04-14T15:52:41+00:00","og_image":[{"width":600,"height":600,"url":"https:\/\/womensense.com\/fr-ca\/wp-content\/uploads\/sites\/2\/2026\/04\/pn0176__image-hi-res__bladdersense-urinary-incontinence-formula__889981.png","type":"image\/png"}],"twitter_card":"summary_large_image","schema":{"@context":"https:\/\/schema.org","@graph":[{"@type":"WebPage","@id":"https:\/\/womensense.com\/fr-ca\/product\/bladdersense-formule-incontinence-urinaire\/","url":"https:\/\/womensense.com\/fr-ca\/product\/bladdersense-formule-incontinence-urinaire\/","name":"BladderSense formule incontinence urinaire - WomenSense French","isPartOf":{"@id":"https:\/\/womensense.com\/fr-ca\/#website"},"primaryImageOfPage":{"@id":"https:\/\/womensense.com\/fr-ca\/product\/bladdersense-formule-incontinence-urinaire\/#primaryimage"},"image":{"@id":"https:\/\/womensense.com\/fr-ca\/product\/bladdersense-formule-incontinence-urinaire\/#primaryimage"},"thumbnailUrl":"https:\/\/womensense.com\/fr-ca\/wp-content\/uploads\/sites\/2\/2026\/04\/pn0176__image-hi-res__bladdersense-urinary-incontinence-formula__889981.png","datePublished":"2026-04-14T15:52:37+00:00","dateModified":"2026-04-14T15:52:41+00:00","breadcrumb":{"@id":"https:\/\/womensense.com\/fr-ca\/product\/bladdersense-formule-incontinence-urinaire\/#breadcrumb"},"inLanguage":"fr-CA","potentialAction":[{"@type":"ReadAction","target":["https:\/\/womensense.com\/fr-ca\/product\/bladdersense-formule-incontinence-urinaire\/"]}]},{"@type":"ImageObject","inLanguage":"fr-CA","@id":"https:\/\/womensense.com\/fr-ca\/product\/bladdersense-formule-incontinence-urinaire\/#primaryimage","url":"https:\/\/womensense.com\/fr-ca\/wp-content\/uploads\/sites\/2\/2026\/04\/pn0176__image-hi-res__bladdersense-urinary-incontinence-formula__889981.png","contentUrl":"https:\/\/womensense.com\/fr-ca\/wp-content\/uploads\/sites\/2\/2026\/04\/pn0176__image-hi-res__bladdersense-urinary-incontinence-formula__889981.png","width":600,"height":600,"caption":"BladderSense(MC) formule incontinence urinaire - Hi-Res - PN0176"},{"@type":"BreadcrumbList","@id":"https:\/\/womensense.com\/fr-ca\/product\/bladdersense-formule-incontinence-urinaire\/#breadcrumb","itemListElement":[{"@type":"ListItem","position":1,"name":"Home","item":"https:\/\/womensense.com\/fr-ca\/"},{"@type":"ListItem","position":2,"name":"Products","item":"https:\/\/womensense.com\/fr-ca\/products\/"},{"@type":"ListItem","position":3,"name":"BladderSense formule incontinence urinaire"}]},{"@type":"WebSite","@id":"https:\/\/womensense.com\/fr-ca\/#website","url":"https:\/\/womensense.com\/fr-ca\/","name":"WomenSense French","description":"","publisher":{"@id":"https:\/\/womensense.com\/fr-ca\/#organization"},"potentialAction":[{"@type":"SearchAction","target":{"@type":"EntryPoint","urlTemplate":"https:\/\/womensense.com\/fr-ca\/?s={search_term_string}"},"query-input":{"@type":"PropertyValueSpecification","valueRequired":true,"valueName":"search_term_string"}}],"inLanguage":"fr-CA"},{"@type":"Organization","@id":"https:\/\/womensense.com\/fr-ca\/#organization","name":"WomenSense French","url":"https:\/\/womensense.com\/fr-ca\/","logo":{"@type":"ImageObject","inLanguage":"fr-CA","@id":"https:\/\/womensense.com\/fr-ca\/#\/schema\/logo\/image\/","url":"https:\/\/womensense.com\/fr-ca\/wp-content\/uploads\/sites\/2\/2026\/02\/ws-logo.svg","contentUrl":"https:\/\/womensense.com\/fr-ca\/wp-content\/uploads\/sites\/2\/2026\/02\/ws-logo.svg","width":1454,"height":662,"caption":"WomenSense French"},"image":{"@id":"https:\/\/womensense.com\/fr-ca\/#\/schema\/logo\/image\/"}}]}},"spectra_custom_meta":{"total_sales":["0"],"_stock_status":["instock"],"product_title_wrapper_bg":["product_title_wrapper_bg--teal"],"_product_title_wrapper_bg":["field_69976ef3c879f"],"_wp_old_slug":["bladdersense-urinary-incontinence-formula__trashed","bladdersense-urinary-incontinence-formula"],"_wc_review_count":["0"],"_wc_rating_count":["0"],"_wc_average_rating":["0"],"_sku":["PN0176"],"_tax_status":["none"],"_tax_class":[""],"_manage_stock":["no"],"_backorders":["no"],"_sold_individually":["no"],"_virtual":["no"],"_downloadable":["no"],"_download_limit":["-1"],"_download_expiry":["-1"],"_stock":[null],"_product_attributes":["a:1:{s:4:\"size\";a:6:{s:4:\"name\";s:4:\"Size\";s:5:\"value\";s:28:\"90\u00a0capsules v\u00e9g\u00e9tariennes\";s:8:\"position\";i:0;s:10:\"is_visible\";b:1;s:12:\"is_variation\";b:1;s:11:\"is_taxonomy\";b:0;}}"],"_product_version":["10.6.2"],"__is_newly_created_product":[""],"__first_variation_id":["4032"],"_product_id":["field_668afd01d6a11"],"product_id":["AN-CA-6-28826-00176-8"],"_subtitle":["field_68bb7abccd685"],"subtitle":[""],"_body":["field_66652d1802dae"],"body":[""],"_excerpt":["field_66652d2f02daf"],"excerpt":[""],"_marketing_summary":["field_68bb7bb6cd689"],"marketing_summary":["BladderSense constitue un traitement de soutien contre l\u2019irritation de la vessie. Cette formule sans OGM ni gluten contient un extrait de p\u00e9pins de citrouille hydrosoluble qui est facilement absorb\u00e9 par l\u2019organisme. Les graines de citrouille sont utilis\u00e9es depuis longtemps comme traitement de l\u2019incontinence et comme aide naturelle pour la saine r\u00e9gulation d\u2019une vessie hyperactive."],"_medicinal_ingredients":["field_66652dba0405a"],"medicinal_ingredients":["<table class=\"fg-table\" border=\"1\" collapse=\"collapse\"> <thead class=\"fg-head\"> <tr> <td colspan=\"2\"><b>Chaque capsule v\u00e9g\u00e9tarienne contient :<\/b> <\/td> <\/tr> <\/thead> <tbody> <tr> <td colspan=\"2\">Ingr\u00e9dient m\u00e9dicinal : <\/td> <\/tr> <tr> <td colspan=\"1\">Extrait de p\u00e9pin de citrouille hydrosoluble (Cucurbita pepo) <\/td> <td> 262 mg<\/td> <\/tr> <\/tbody> <\/table>"],"_non_medicinal_ingredients":["field_66652dd456ed8"],"non_medicinal_ingredients":["&nbsp;cellulose microcristalline, capsule v\u00e9g\u00e9tarienne (cellulose, eau purifi\u00e9e), st\u00e9arate de magn\u00e9sium d\u2019origine v\u00e9g\u00e9tale (lubrifiant), silice."],"_recommended_purpose":["field_68bb7b43cd688"],"recommended_purpose":["<ul><li>La graine de citrouille est utilis\u00e9e en phytoth\u00e9rapie comme th\u00e9rapie de soutien contre l\u2019irritation de la vessie, aussi bien chez l\u2019homme que chez la femme.<\/li><\/ul>"],"_recommended_dose":["field_6665306d56edd"],"recommended_dose":["Posologie recommand\u00e9e (adultes) : Les 2 premi\u00e8res semaines : 1 capsule 3 fois par  jour avec de la nourriture ou selon les recommandations d\u2019un praticien de la sant\u00e9.  Apr\u00e8s les 2 premi\u00e8res semaines : 1 capsule 2 fois par jour avec de la nourriture ou selon  les recommandations d\u2019un praticien de la sant\u00e9."],"_allergen_statement":["field_66652e0e56ed9"],"allergen_statement":["Ce produit ne contient pas d\u2019agents de conservation, colorants ou \u00e9dulcorants artificiels ; sans produits laitiers, amidon, sucre, bl\u00e9, gluten, levure, soja, ma\u00efs, \u0153ufs, poissons, fruits de mer, produits animaux, sel, noix ni OGM. Convient aux v\u00e9g\u00e9tariens et v\u00e9g\u00e9taliens."],"_label_caution":["field_6665307456ede"],"label_caution":["Consulter un praticien de la sant\u00e9 avant l\u2019usage afin d\u2019exclure un diagnostic de cancer de la prostate ou si vous \u00eates enceinte ou allaitez. Consulter un praticien de la sant\u00e9 en cas de sang dans les urines ou de r\u00e9tention urinaire aigu\u00eb, ou si les sympt\u00f4mes persistent ou s\u2019aggravent. Conserver hors de la port\u00e9e des enfants. R\u00e9action ind\u00e9sirable connue : Une hypersensibilit\u00e9 (allergie) peut se manifester ; si tel est le cas, cesser l\u2019usage du produit. Ne pas prendre si vous \u00eates allergique aux plantes du genre Cucurbita."],"_strength":["field_6665304656eda"],"strength":[""],"_flavour":["field_6665305356edb"],"flavour":[""],"_form":["field_6665305a56edc"],"form":["capsules v\u00e9g\u00e9tariennes"],"_npn":["field_68bb7ac9cd686"],"npn":["80041119"],"_benefits":["field_69b84b4228258"],"benefits":[""],"_costco_product":["field_68bb7b36cd687"],"costco_product":[""],"_alt_lang_handle":["field_68bb7bc7cd68a"],"alt_lang_handle":[""],"_headline":["field_69d4403ef16a8"],"headline":["Th\u00e9rapie de soutien contre l\u2019irritation de la vessie"],"_wp_page_template":["default"],"_thumbnail_id":["4780"],"_product_image_gallery":[""],"_default_attributes":["a:1:{s:4:\"size\";s:28:\"90\u00a0capsules v\u00e9g\u00e9tariennes\";}"],"_price":["30.47"],"_uag_css_file_name":["uag-css-4031.css"]},"uagb_featured_image_src":{"full":["https:\/\/womensense.com\/fr-ca\/wp-content\/uploads\/sites\/2\/2026\/04\/pn0176__image-hi-res__bladdersense-urinary-incontinence-formula__889981.png",600,600,false],"thumbnail":["https:\/\/womensense.com\/fr-ca\/wp-content\/uploads\/sites\/2\/2026\/04\/pn0176__image-hi-res__bladdersense-urinary-incontinence-formula__889981-150x150.png",150,150,true],"medium":["https:\/\/womensense.com\/fr-ca\/wp-content\/uploads\/sites\/2\/2026\/04\/pn0176__image-hi-res__bladdersense-urinary-incontinence-formula__889981-300x300.png",300,300,true],"medium_large":["https:\/\/womensense.com\/fr-ca\/wp-content\/uploads\/sites\/2\/2026\/04\/pn0176__image-hi-res__bladdersense-urinary-incontinence-formula__889981.png",600,600,false],"large":["https:\/\/womensense.com\/fr-ca\/wp-content\/uploads\/sites\/2\/2026\/04\/pn0176__image-hi-res__bladdersense-urinary-incontinence-formula__889981.png",600,600,false],"1536x1536":["https:\/\/womensense.com\/fr-ca\/wp-content\/uploads\/sites\/2\/2026\/04\/pn0176__image-hi-res__bladdersense-urinary-incontinence-formula__889981.png",600,600,false],"2048x2048":["https:\/\/womensense.com\/fr-ca\/wp-content\/uploads\/sites\/2\/2026\/04\/pn0176__image-hi-res__bladdersense-urinary-incontinence-formula__889981.png",600,600,false],"gform-image-choice-sm":["https:\/\/womensense.com\/fr-ca\/wp-content\/uploads\/sites\/2\/2026\/04\/pn0176__image-hi-res__bladdersense-urinary-incontinence-formula__889981.png",300,300,false],"gform-image-choice-md":["https:\/\/womensense.com\/fr-ca\/wp-content\/uploads\/sites\/2\/2026\/04\/pn0176__image-hi-res__bladdersense-urinary-incontinence-formula__889981.png",400,400,false],"gform-image-choice-lg":["https:\/\/womensense.com\/fr-ca\/wp-content\/uploads\/sites\/2\/2026\/04\/pn0176__image-hi-res__bladdersense-urinary-incontinence-formula__889981.png",600,600,false],"woocommerce_thumbnail":["https:\/\/womensense.com\/fr-ca\/wp-content\/uploads\/sites\/2\/2026\/04\/pn0176__image-hi-res__bladdersense-urinary-incontinence-formula__889981-300x300.png",300,300,true],"woocommerce_single":["https:\/\/womensense.com\/fr-ca\/wp-content\/uploads\/sites\/2\/2026\/04\/pn0176__image-hi-res__bladdersense-urinary-incontinence-formula__889981.png",600,600,false],"woocommerce_gallery_thumbnail":["https:\/\/womensense.com\/fr-ca\/wp-content\/uploads\/sites\/2\/2026\/04\/pn0176__image-hi-res__bladdersense-urinary-incontinence-formula__889981-100x100.png",100,100,true]},"uagb_author_info":{"display_name":"Shiva Thomson","author_link":"https:\/\/womensense.com\/fr-ca\/author\/"},"uagb_comment_info":0,"uagb_excerpt":"BladderSense constitue un traitement de soutien contre l\u2019irritation de la vessie. Cette formule sans OGM ni gluten contient un extrait de p\u00e9pins de citrouille hydrosoluble qui est facilement absorb\u00e9 par l\u2019organisme. Les graines de citrouille sont utilis\u00e9es depuis longtemps comme traitement de l\u2019incontinence et comme aide naturelle pour la saine r\u00e9gulation d\u2019une vessie hyperactive. Aide&hellip;","_links":{"self":[{"href":"https:\/\/womensense.com\/fr-ca\/wp-json\/wp\/v2\/product\/4031","targetHints":{"allow":["GET"]}}],"collection":[{"href":"https:\/\/womensense.com\/fr-ca\/wp-json\/wp\/v2\/product"}],"about":[{"href":"https:\/\/womensense.com\/fr-ca\/wp-json\/wp\/v2\/types\/product"}],"wp:featuredmedia":[{"embeddable":true,"href":"https:\/\/womensense.com\/fr-ca\/wp-json\/wp\/v2\/media\/4780"}],"wp:attachment":[{"href":"https:\/\/womensense.com\/fr-ca\/wp-json\/wp\/v2\/media?parent=4031"}],"wp:term":[{"taxonomy":"benefit","embeddable":true,"href":"https:\/\/womensense.com\/fr-ca\/wp-json\/wp\/v2\/benefit?post=4031"},{"taxonomy":"product_brand","embeddable":true,"href":"https:\/\/womensense.com\/fr-ca\/wp-json\/wp\/v2\/product_brand?post=4031"},{"taxonomy":"product_cat","embeddable":true,"href":"https:\/\/womensense.com\/fr-ca\/wp-json\/wp\/v2\/product_cat?post=4031"},{"taxonomy":"product_tag","embeddable":true,"href":"https:\/\/womensense.com\/fr-ca\/wp-json\/wp\/v2\/product_tag?post=4031"}],"curies":[{"name":"wp","href":"https:\/\/api.w.org\/{rel}","templated":true}]}}