{"id":4040,"date":"2026-04-21T08:36:38","date_gmt":"2026-04-21T15:36:38","guid":{"rendered":"https:\/\/ws.local\/product\/sage-leaf-perspiration-control\/"},"modified":"2026-04-21T08:36:48","modified_gmt":"2026-04-21T15:36:48","slug":"feuille-de-sauge-gestion-de-la-transpiration","status":"publish","type":"product","link":"https:\/\/womensense.com\/fr-ca\/product\/feuille-de-sauge-gestion-de-la-transpiration\/","title":{"rendered":"Feuille de sauge gestion de la transpiration"},"content":{"rendered":"<div class=\"fg-summary\">\n\tFeuille de sauge Gestion de la transpiration de la gamme WomenSense contient 350 mg de poudre de sauge sans OGM par capsule v\u00e9g\u00e9tarienne, fabriqu\u00e9e \u00e0 partir des feuilles aromatiques de la plante. La feuille de sauge est traditionnellement utilis\u00e9e en phytoth\u00e9rapie pour r\u00e9duire la transpiration excessive. Il s\u2019agit d\u2019un suppl\u00e9ment populaire aupr\u00e8s des femmes qui souhaitent adopter une approche \u00e0 base de plantes pour aider \u00e0 soulager les sympt\u00f4mes inconfortables de la m\u00e9nopause, tels que les bouff\u00e9es de chaleur et la transpiration excessive.\n<\/div>\n<ul class=\"fg-features\">\n<li>Traditionnellement utilis\u00e9 en phytoth\u00e9rapie pour r\u00e9duire la transpiration excessive<\/li>\n<li>Fournit un suppl\u00e9ment naturel \u00e0 base de plantes pour les femmes en p\u00e9rim\u00e9nopause ou m\u00e9nopaus\u00e9es<\/li>\n<li>Contient 350 mg de poudre de feuille de sauge par capsule<\/li>\n<li>Deux capsules v\u00e9g\u00e9tariennes \u00e0 prendre deux fois par jour<\/li>\n<\/ul>\n","protected":false},"excerpt":{"rendered":"<div class=\"fg-summary\">\n\tFeuille de sauge Gestion de la transpiration de la gamme WomenSense contient 350 mg de poudre de sauge sans OGM par capsule v\u00e9g\u00e9tarienne, fabriqu\u00e9e \u00e0 partir des feuilles aromatiques de la plante. La feuille de sauge est traditionnellement utilis\u00e9e en phytoth\u00e9rapie pour r\u00e9duire la transpiration excessive. Il s\u2019agit d\u2019un suppl\u00e9ment populaire aupr\u00e8s des femmes qui souhaitent adopter une approche \u00e0 base de plantes pour aider \u00e0 soulager les sympt\u00f4mes inconfortables de la m\u00e9nopause, tels que les bouff\u00e9es de chaleur et la transpiration excessive.\n<\/div>\n<ul class=\"fg-features\">\n<li>Traditionnellement utilis\u00e9 en phytoth\u00e9rapie pour r\u00e9duire la transpiration excessive<\/li>\n<li>Fournit un suppl\u00e9ment naturel \u00e0 base de plantes pour les femmes en p\u00e9rim\u00e9nopause ou m\u00e9nopaus\u00e9es<\/li>\n<li>Contient 350 mg de poudre de feuille de sauge par capsule<\/li>\n<li>Deux capsules v\u00e9g\u00e9tariennes \u00e0 prendre deux fois par jour<\/li>\n<\/ul>\n","protected":false},"featured_media":4783,"template":"","meta":{"_acf_changed":false,"_uag_custom_page_level_css":"","site-sidebar-layout":"default","site-content-layout":"","ast-site-content-layout":"default","site-content-style":"default","site-sidebar-style":"default","ast-global-header-display":"","ast-banner-title-visibility":"","ast-main-header-display":"","ast-hfb-above-header-display":"","ast-hfb-below-header-display":"","ast-hfb-mobile-header-display":"","site-post-title":"","ast-breadcrumbs-content":"","ast-featured-img":"","footer-sml-layout":"","ast-disable-related-posts":"","theme-transparent-header-meta":"","adv-header-id-meta":"","stick-header-meta":"","header-above-stick-meta":"","header-main-stick-meta":"","header-below-stick-meta":"","astra-migrate-meta-layouts":"default","ast-page-background-enabled":"default","ast-page-background-meta":{"desktop":{"background-color":"var(--ast-global-color-4)","background-image":"","background-repeat":"repeat","background-position":"center center","background-size":"auto","background-attachment":"scroll","background-type":"","background-media":"","overlay-type":"","overlay-color":"","overlay-opacity":"","overlay-gradient":""},"tablet":{"background-color":"","background-image":"","background-repeat":"repeat","background-position":"center center","background-size":"auto","background-attachment":"scroll","background-type":"","background-media":"","overlay-type":"","overlay-color":"","overlay-opacity":"","overlay-gradient":""},"mobile":{"background-color":"","background-image":"","background-repeat":"repeat","background-position":"center center","background-size":"auto","background-attachment":"scroll","background-type":"","background-media":"","overlay-type":"","overlay-color":"","overlay-opacity":"","overlay-gradient":""}},"ast-content-background-meta":{"desktop":{"background-color":"var(--ast-global-color-5)","background-image":"","background-repeat":"repeat","background-position":"center center","background-size":"auto","background-attachment":"scroll","background-type":"","background-media":"","overlay-type":"","overlay-color":"","overlay-opacity":"","overlay-gradient":""},"tablet":{"background-color":"var(--ast-global-color-5)","background-image":"","background-repeat":"repeat","background-position":"center center","background-size":"auto","background-attachment":"scroll","background-type":"","background-media":"","overlay-type":"","overlay-color":"","overlay-opacity":"","overlay-gradient":""},"mobile":{"background-color":"var(--ast-global-color-5)","background-image":"","background-repeat":"repeat","background-position":"center center","background-size":"auto","background-attachment":"scroll","background-type":"","background-media":"","overlay-type":"","overlay-color":"","overlay-opacity":"","overlay-gradient":""}}},"benefit":[263],"product_brand":[],"product_cat":[],"product_tag":[170],"class_list":{"0":"post-4040","1":"product","2":"type-product","3":"status-publish","4":"has-post-thumbnail","6":"benefit-menopause","7":"product_tag-active","8":"desktop-align-center","9":"tablet-align-left","10":"mobile-align-left","11":"ast-product-gallery-layout-horizontal-slider","12":"ast-product-gallery-with-no-image","13":"ast-magnify-disabled","14":"ast-product-single-variable","15":"ast-product-tabs-layout-horizontal","17":"first","18":"instock","19":"product-type-variable","20":"has-default-attributes"},"acf":[],"yoast_head":"<!-- This site is optimized with the Yoast SEO plugin v27.4 - https:\/\/yoast.com\/product\/yoast-seo-wordpress\/ -->\n<title>Feuille de sauge gestion de la transpiration - WomenSense French<\/title>\n<meta name=\"robots\" content=\"index, follow, max-snippet:-1, max-image-preview:large, max-video-preview:-1\" \/>\n<link rel=\"canonical\" href=\"https:\/\/womensense.com\/fr-ca\/product\/feuille-de-sauge-gestion-de-la-transpiration\/\" \/>\n<meta property=\"og:locale\" content=\"fr_CA\" \/>\n<meta property=\"og:type\" content=\"article\" \/>\n<meta property=\"og:title\" content=\"Feuille de sauge gestion de la transpiration - WomenSense French\" \/>\n<meta property=\"og:description\" content=\"Feuille de sauge Gestion de la transpiration de la gamme WomenSense contient 350 mg de poudre de sauge sans OGM par capsule v\u00e9g\u00e9tarienne, fabriqu\u00e9e \u00e0 partir des feuilles aromatiques de la plante. La feuille de sauge est traditionnellement utilis\u00e9e en phytoth\u00e9rapie pour r\u00e9duire la transpiration excessive. Il s\u2019agit d\u2019un suppl\u00e9ment populaire aupr\u00e8s des femmes qui souhaitent adopter une approche \u00e0 base de plantes pour aider \u00e0 soulager les sympt\u00f4mes inconfortables de la m\u00e9nopause, tels que les bouff\u00e9es de chaleur et la transpiration excessive.   Traditionnellement utilis\u00e9 en phytoth\u00e9rapie pour r\u00e9duire la transpiration excessive Fournit un suppl\u00e9ment naturel \u00e0 base de plantes pour les femmes en p\u00e9rim\u00e9nopause ou m\u00e9nopaus\u00e9es Contient 350 mg de poudre de feuille de sauge par capsule Deux capsules v\u00e9g\u00e9tariennes \u00e0 prendre deux fois par jour\" \/>\n<meta property=\"og:url\" content=\"https:\/\/womensense.com\/fr-ca\/product\/feuille-de-sauge-gestion-de-la-transpiration\/\" \/>\n<meta property=\"og:site_name\" content=\"WomenSense French\" \/>\n<meta property=\"article:modified_time\" content=\"2026-04-21T15:36:48+00:00\" \/>\n<meta property=\"og:image\" content=\"http:\/\/womensense.com\/fr-ca\/wp-content\/uploads\/sites\/2\/2026\/04\/pn0507__image-hi-res__sage-leaf-perspiration-control__902698.png\" \/>\n\t<meta property=\"og:image:width\" content=\"600\" \/>\n\t<meta property=\"og:image:height\" content=\"600\" \/>\n\t<meta property=\"og:image:type\" content=\"image\/png\" \/>\n<meta name=\"twitter:card\" content=\"summary_large_image\" \/>\n<meta name=\"twitter:label1\" content=\"Est. reading time\" \/>\n\t<meta name=\"twitter:data1\" content=\"1 minute\" \/>\n<script type=\"application\/ld+json\" class=\"yoast-schema-graph\">{\"@context\":\"https:\\\/\\\/schema.org\",\"@graph\":[{\"@type\":\"WebPage\",\"@id\":\"https:\\\/\\\/womensense.com\\\/fr-ca\\\/product\\\/feuille-de-sauge-gestion-de-la-transpiration\\\/\",\"url\":\"https:\\\/\\\/womensense.com\\\/fr-ca\\\/product\\\/feuille-de-sauge-gestion-de-la-transpiration\\\/\",\"name\":\"Feuille de sauge gestion de la transpiration - WomenSense French\",\"isPartOf\":{\"@id\":\"https:\\\/\\\/womensense.com\\\/fr-ca\\\/#website\"},\"primaryImageOfPage\":{\"@id\":\"https:\\\/\\\/womensense.com\\\/fr-ca\\\/product\\\/feuille-de-sauge-gestion-de-la-transpiration\\\/#primaryimage\"},\"image\":{\"@id\":\"https:\\\/\\\/womensense.com\\\/fr-ca\\\/product\\\/feuille-de-sauge-gestion-de-la-transpiration\\\/#primaryimage\"},\"thumbnailUrl\":\"https:\\\/\\\/womensense.com\\\/fr-ca\\\/wp-content\\\/uploads\\\/sites\\\/2\\\/2026\\\/04\\\/pn0507__image-hi-res__sage-leaf-perspiration-control__902698.png\",\"datePublished\":\"2026-04-21T15:36:38+00:00\",\"dateModified\":\"2026-04-21T15:36:48+00:00\",\"breadcrumb\":{\"@id\":\"https:\\\/\\\/womensense.com\\\/fr-ca\\\/product\\\/feuille-de-sauge-gestion-de-la-transpiration\\\/#breadcrumb\"},\"inLanguage\":\"fr-CA\",\"potentialAction\":[{\"@type\":\"ReadAction\",\"target\":[\"https:\\\/\\\/womensense.com\\\/fr-ca\\\/product\\\/feuille-de-sauge-gestion-de-la-transpiration\\\/\"]}]},{\"@type\":\"ImageObject\",\"inLanguage\":\"fr-CA\",\"@id\":\"https:\\\/\\\/womensense.com\\\/fr-ca\\\/product\\\/feuille-de-sauge-gestion-de-la-transpiration\\\/#primaryimage\",\"url\":\"https:\\\/\\\/womensense.com\\\/fr-ca\\\/wp-content\\\/uploads\\\/sites\\\/2\\\/2026\\\/04\\\/pn0507__image-hi-res__sage-leaf-perspiration-control__902698.png\",\"contentUrl\":\"https:\\\/\\\/womensense.com\\\/fr-ca\\\/wp-content\\\/uploads\\\/sites\\\/2\\\/2026\\\/04\\\/pn0507__image-hi-res__sage-leaf-perspiration-control__902698.png\",\"width\":600,\"height\":600,\"caption\":\"Feuille de sauge gestion de la transpiration - Hi-Res - PN0507\"},{\"@type\":\"BreadcrumbList\",\"@id\":\"https:\\\/\\\/womensense.com\\\/fr-ca\\\/product\\\/feuille-de-sauge-gestion-de-la-transpiration\\\/#breadcrumb\",\"itemListElement\":[{\"@type\":\"ListItem\",\"position\":1,\"name\":\"Home\",\"item\":\"https:\\\/\\\/womensense.com\\\/fr-ca\\\/\"},{\"@type\":\"ListItem\",\"position\":2,\"name\":\"Products\",\"item\":\"https:\\\/\\\/womensense.com\\\/fr-ca\\\/products\\\/\"},{\"@type\":\"ListItem\",\"position\":3,\"name\":\"Feuille de sauge gestion de la transpiration\"}]},{\"@type\":\"WebSite\",\"@id\":\"https:\\\/\\\/womensense.com\\\/fr-ca\\\/#website\",\"url\":\"https:\\\/\\\/womensense.com\\\/fr-ca\\\/\",\"name\":\"WomenSense French\",\"description\":\"\",\"publisher\":{\"@id\":\"https:\\\/\\\/womensense.com\\\/fr-ca\\\/#organization\"},\"potentialAction\":[{\"@type\":\"SearchAction\",\"target\":{\"@type\":\"EntryPoint\",\"urlTemplate\":\"https:\\\/\\\/womensense.com\\\/fr-ca\\\/?s={search_term_string}\"},\"query-input\":{\"@type\":\"PropertyValueSpecification\",\"valueRequired\":true,\"valueName\":\"search_term_string\"}}],\"inLanguage\":\"fr-CA\"},{\"@type\":\"Organization\",\"@id\":\"https:\\\/\\\/womensense.com\\\/fr-ca\\\/#organization\",\"name\":\"WomenSense French\",\"url\":\"https:\\\/\\\/womensense.com\\\/fr-ca\\\/\",\"logo\":{\"@type\":\"ImageObject\",\"inLanguage\":\"fr-CA\",\"@id\":\"https:\\\/\\\/womensense.com\\\/fr-ca\\\/#\\\/schema\\\/logo\\\/image\\\/\",\"url\":\"https:\\\/\\\/womensense.com\\\/fr-ca\\\/wp-content\\\/uploads\\\/sites\\\/2\\\/2026\\\/02\\\/ws-logo.svg\",\"contentUrl\":\"https:\\\/\\\/womensense.com\\\/fr-ca\\\/wp-content\\\/uploads\\\/sites\\\/2\\\/2026\\\/02\\\/ws-logo.svg\",\"width\":1454,\"height\":662,\"caption\":\"WomenSense French\"},\"image\":{\"@id\":\"https:\\\/\\\/womensense.com\\\/fr-ca\\\/#\\\/schema\\\/logo\\\/image\\\/\"}}]}<\/script>\n<!-- \/ Yoast SEO plugin. -->","yoast_head_json":{"title":"Feuille de sauge gestion de la transpiration - WomenSense French","robots":{"index":"index","follow":"follow","max-snippet":"max-snippet:-1","max-image-preview":"max-image-preview:large","max-video-preview":"max-video-preview:-1"},"canonical":"https:\/\/womensense.com\/fr-ca\/product\/feuille-de-sauge-gestion-de-la-transpiration\/","og_locale":"fr_CA","og_type":"article","og_title":"Feuille de sauge gestion de la transpiration - WomenSense French","og_description":"Feuille de sauge Gestion de la transpiration de la gamme WomenSense contient 350 mg de poudre de sauge sans OGM par capsule v\u00e9g\u00e9tarienne, fabriqu\u00e9e \u00e0 partir des feuilles aromatiques de la plante. La feuille de sauge est traditionnellement utilis\u00e9e en phytoth\u00e9rapie pour r\u00e9duire la transpiration excessive. Il s\u2019agit d\u2019un suppl\u00e9ment populaire aupr\u00e8s des femmes qui souhaitent adopter une approche \u00e0 base de plantes pour aider \u00e0 soulager les sympt\u00f4mes inconfortables de la m\u00e9nopause, tels que les bouff\u00e9es de chaleur et la transpiration excessive.   Traditionnellement utilis\u00e9 en phytoth\u00e9rapie pour r\u00e9duire la transpiration excessive Fournit un suppl\u00e9ment naturel \u00e0 base de plantes pour les femmes en p\u00e9rim\u00e9nopause ou m\u00e9nopaus\u00e9es Contient 350 mg de poudre de feuille de sauge par capsule Deux capsules v\u00e9g\u00e9tariennes \u00e0 prendre deux fois par jour","og_url":"https:\/\/womensense.com\/fr-ca\/product\/feuille-de-sauge-gestion-de-la-transpiration\/","og_site_name":"WomenSense French","article_modified_time":"2026-04-21T15:36:48+00:00","og_image":[{"width":600,"height":600,"url":"http:\/\/womensense.com\/fr-ca\/wp-content\/uploads\/sites\/2\/2026\/04\/pn0507__image-hi-res__sage-leaf-perspiration-control__902698.png","type":"image\/png"}],"twitter_card":"summary_large_image","twitter_misc":{"Est. reading time":"1 minute"},"schema":{"@context":"https:\/\/schema.org","@graph":[{"@type":"WebPage","@id":"https:\/\/womensense.com\/fr-ca\/product\/feuille-de-sauge-gestion-de-la-transpiration\/","url":"https:\/\/womensense.com\/fr-ca\/product\/feuille-de-sauge-gestion-de-la-transpiration\/","name":"Feuille de sauge gestion de la transpiration - WomenSense French","isPartOf":{"@id":"https:\/\/womensense.com\/fr-ca\/#website"},"primaryImageOfPage":{"@id":"https:\/\/womensense.com\/fr-ca\/product\/feuille-de-sauge-gestion-de-la-transpiration\/#primaryimage"},"image":{"@id":"https:\/\/womensense.com\/fr-ca\/product\/feuille-de-sauge-gestion-de-la-transpiration\/#primaryimage"},"thumbnailUrl":"https:\/\/womensense.com\/fr-ca\/wp-content\/uploads\/sites\/2\/2026\/04\/pn0507__image-hi-res__sage-leaf-perspiration-control__902698.png","datePublished":"2026-04-21T15:36:38+00:00","dateModified":"2026-04-21T15:36:48+00:00","breadcrumb":{"@id":"https:\/\/womensense.com\/fr-ca\/product\/feuille-de-sauge-gestion-de-la-transpiration\/#breadcrumb"},"inLanguage":"fr-CA","potentialAction":[{"@type":"ReadAction","target":["https:\/\/womensense.com\/fr-ca\/product\/feuille-de-sauge-gestion-de-la-transpiration\/"]}]},{"@type":"ImageObject","inLanguage":"fr-CA","@id":"https:\/\/womensense.com\/fr-ca\/product\/feuille-de-sauge-gestion-de-la-transpiration\/#primaryimage","url":"https:\/\/womensense.com\/fr-ca\/wp-content\/uploads\/sites\/2\/2026\/04\/pn0507__image-hi-res__sage-leaf-perspiration-control__902698.png","contentUrl":"https:\/\/womensense.com\/fr-ca\/wp-content\/uploads\/sites\/2\/2026\/04\/pn0507__image-hi-res__sage-leaf-perspiration-control__902698.png","width":600,"height":600,"caption":"Feuille de sauge gestion de la transpiration - Hi-Res - PN0507"},{"@type":"BreadcrumbList","@id":"https:\/\/womensense.com\/fr-ca\/product\/feuille-de-sauge-gestion-de-la-transpiration\/#breadcrumb","itemListElement":[{"@type":"ListItem","position":1,"name":"Home","item":"https:\/\/womensense.com\/fr-ca\/"},{"@type":"ListItem","position":2,"name":"Products","item":"https:\/\/womensense.com\/fr-ca\/products\/"},{"@type":"ListItem","position":3,"name":"Feuille de sauge gestion de la transpiration"}]},{"@type":"WebSite","@id":"https:\/\/womensense.com\/fr-ca\/#website","url":"https:\/\/womensense.com\/fr-ca\/","name":"WomenSense French","description":"","publisher":{"@id":"https:\/\/womensense.com\/fr-ca\/#organization"},"potentialAction":[{"@type":"SearchAction","target":{"@type":"EntryPoint","urlTemplate":"https:\/\/womensense.com\/fr-ca\/?s={search_term_string}"},"query-input":{"@type":"PropertyValueSpecification","valueRequired":true,"valueName":"search_term_string"}}],"inLanguage":"fr-CA"},{"@type":"Organization","@id":"https:\/\/womensense.com\/fr-ca\/#organization","name":"WomenSense French","url":"https:\/\/womensense.com\/fr-ca\/","logo":{"@type":"ImageObject","inLanguage":"fr-CA","@id":"https:\/\/womensense.com\/fr-ca\/#\/schema\/logo\/image\/","url":"https:\/\/womensense.com\/fr-ca\/wp-content\/uploads\/sites\/2\/2026\/02\/ws-logo.svg","contentUrl":"https:\/\/womensense.com\/fr-ca\/wp-content\/uploads\/sites\/2\/2026\/02\/ws-logo.svg","width":1454,"height":662,"caption":"WomenSense French"},"image":{"@id":"https:\/\/womensense.com\/fr-ca\/#\/schema\/logo\/image\/"}}]}},"spectra_custom_meta":{"total_sales":["0"],"_stock_status":["instock"],"product_title_wrapper_bg":["product_title_wrapper_bg--teal"],"_product_title_wrapper_bg":["field_69976ef3c879f"],"_wp_old_slug":["sage-leaf-perspiration-control__trashed","sage-leaf-perspiration-control"],"_wc_review_count":["0"],"_wc_rating_count":["0"],"_wc_average_rating":["0"],"_sku":["PN0507"],"_tax_status":["none"],"_tax_class":[""],"_manage_stock":["no"],"_backorders":["no"],"_sold_individually":["no"],"_virtual":["no"],"_downloadable":["no"],"_download_limit":["-1"],"_download_expiry":["-1"],"_stock":[null],"_product_attributes":["a:1:{s:4:\"size\";a:6:{s:4:\"name\";s:4:\"Size\";s:5:\"value\";s:58:\"60\u00a0capsules v\u00e9g\u00e9tariennes|120\u00a0capsules v\u00e9g\u00e9tariennes\";s:8:\"position\";i:0;s:10:\"is_visible\";b:1;s:12:\"is_variation\";b:1;s:11:\"is_taxonomy\";b:0;}}"],"_product_version":["10.7.0"],"__is_newly_created_product":[""],"__first_variation_id":["4041"],"_product_id":["field_668afd01d6a11"],"product_id":["AN-CA-6-28826-00507-0"],"_subtitle":["field_68bb7abccd685"],"subtitle":[""],"_body":["field_66652d1802dae"],"body":[""],"_excerpt":["field_66652d2f02daf"],"excerpt":[""],"_marketing_summary":["field_68bb7bb6cd689"],"marketing_summary":["Feuille de sauge Gestion de la transpiration de la gamme WomenSense contient 350 mg de poudre de sauge sans OGM par capsule v\u00e9g\u00e9tarienne, fabriqu\u00e9e \u00e0 partir des feuilles aromatiques de la plante. La feuille de sauge est traditionnellement utilis\u00e9e en phytoth\u00e9rapie pour r\u00e9duire la transpiration excessive. Il s\u2019agit d\u2019un suppl\u00e9ment populaire aupr\u00e8s des femmes qui souhaitent adopter une approche \u00e0 base de plantes pour aider \u00e0 soulager les sympt\u00f4mes inconfortables de la m\u00e9nopause, tels que les bouff\u00e9es de chaleur et la transpiration excessive."],"_medicinal_ingredients":["field_66652dba0405a"],"medicinal_ingredients":["<table class=\"fg-table\" border=\"1\" collapse=\"collapse\"> <thead class=\"fg-head\"> <tr> <td colspan=\"2\"><b>Chaque capsule v\u00e9g\u00e9tarienne contient :<\/b> <\/td> <\/tr> <\/thead> <tbody> <tr> <td colspan=\"2\">Ingr\u00e9dient m\u00e9dicinal : <\/td> <\/tr> <tr> <td colspan=\"1\">Poudre de sauge (Salvia officinalis) (feuille) <\/td> <td> 350 mg<\/td> <\/tr> <\/tbody> <\/table>"],"_non_medicinal_ingredients":["field_66652dd456ed8"],"non_medicinal_ingredients":["capsule v\u00e9g\u00e9tarienne (gomme de glucides, eau purifi\u00e9e), cellulose microcristalline, silice, st\u00e9arate de magn\u00e9sium d\u2019origine v\u00e9g\u00e9tale (lubrifiant)."],"_recommended_purpose":["field_68bb7b43cd688"],"recommended_purpose":["<ul><li>Utilis\u00e9 traditionnellement en phytoth\u00e9rapie pour r\u00e9duire la transpiration excessive (sueur).<\/li><\/ul>"],"_recommended_dose":["field_6665306d56edd"],"recommended_dose":["<b>Posologie recommand\u00e9e (adultes) :<\/b> 2 capsules 2 fois par jour avec de la nourriture ou suivre les recommandations d\u2019un praticien de la sant\u00e9. Consulter un praticien de la sant\u00e9 si l\u2019utilisation se prolonge au-del\u00e0 de 4 mois."],"_allergen_statement":["field_66652e0e56ed9"],"allergen_statement":["Ce produit ne contient pas d\u2019agents de conservation, colorants ou \u00e9dulcorants artificiels ; sans produits laitiers, amidon, sucre, bl\u00e9, gluten, levure, soja, ma\u00efs, \u0153ufs, poissons, fruits de mer, produits animaux, sel, noix ni OGM. Convient aux v\u00e9g\u00e9tariens et v\u00e9g\u00e9taliens."],"_label_caution":["field_6665307456ede"],"label_caution":["Consulter un praticien de la sant\u00e9 avant l\u2019usage si vous \u00eates enceinte ou si vous allaitez. Consulter un praticien de la sant\u00e9 si les sympt\u00f4mes s\u2019aggravent. Conserver hors de la port\u00e9e des enfants."],"_strength":["field_6665304656eda"],"strength":["350 mg"],"_flavour":["field_6665305356edb"],"flavour":[""],"_form":["field_6665305a56edc"],"form":["capsules v\u00e9g\u00e9tariennes"],"_npn":["field_68bb7ac9cd686"],"npn":["80025863"],"_benefits":["field_69b84b4228258"],"benefits":[""],"_costco_product":["field_68bb7b36cd687"],"costco_product":[""],"_alt_lang_handle":["field_68bb7bc7cd68a"],"alt_lang_handle":[""],"_headline":["field_69d4403ef16a8"],"headline":["Aide \u00e0 r\u00e9duire la transpiration excessive"],"_wp_page_template":["default"],"_thumbnail_id":["4783"],"_product_image_gallery":[""],"_price":["12.67","22.67"],"_default_attributes":["a:1:{s:4:\"size\";s:28:\"60\u00a0capsules v\u00e9g\u00e9tariennes\";}"],"_uag_css_file_name":["uag-css-4040.css"],"_uag_page_assets":["a:9:{s:3:\"css\";s:0:\"\";s:2:\"js\";s:0:\"\";s:18:\"current_block_list\";a:11:{i:0;s:11:\"core\/search\";i:1;s:10:\"core\/group\";i:2;s:12:\"core\/heading\";i:3;s:17:\"core\/latest-posts\";i:4;s:20:\"core\/latest-comments\";i:5;s:13:\"core\/archives\";i:6;s:15:\"core\/categories\";i:7;s:26:\"woocommerce\/product-search\";i:8;s:17:\"core\/widget-group\";i:9;s:30:\"woocommerce\/product-categories\";i:10;s:22:\"lloc\/msls-widget-block\";}s:8:\"uag_flag\";b:0;s:11:\"uag_version\";i:1777190134;s:6:\"gfonts\";a:0:{}s:10:\"gfonts_url\";s:0:\"\";s:12:\"gfonts_files\";a:0:{}s:14:\"uag_faq_layout\";b:0;}"]},"uagb_featured_image_src":{"full":["https:\/\/womensense.com\/fr-ca\/wp-content\/uploads\/sites\/2\/2026\/04\/pn0507__image-hi-res__sage-leaf-perspiration-control__902698.png",600,600,false],"thumbnail":["https:\/\/womensense.com\/fr-ca\/wp-content\/uploads\/sites\/2\/2026\/04\/pn0507__image-hi-res__sage-leaf-perspiration-control__902698-150x150.png",150,150,true],"medium":["https:\/\/womensense.com\/fr-ca\/wp-content\/uploads\/sites\/2\/2026\/04\/pn0507__image-hi-res__sage-leaf-perspiration-control__902698-300x300.png",300,300,true],"medium_large":["https:\/\/womensense.com\/fr-ca\/wp-content\/uploads\/sites\/2\/2026\/04\/pn0507__image-hi-res__sage-leaf-perspiration-control__902698.png",600,600,false],"large":["https:\/\/womensense.com\/fr-ca\/wp-content\/uploads\/sites\/2\/2026\/04\/pn0507__image-hi-res__sage-leaf-perspiration-control__902698.png",600,600,false],"1536x1536":["https:\/\/womensense.com\/fr-ca\/wp-content\/uploads\/sites\/2\/2026\/04\/pn0507__image-hi-res__sage-leaf-perspiration-control__902698.png",600,600,false],"2048x2048":["https:\/\/womensense.com\/fr-ca\/wp-content\/uploads\/sites\/2\/2026\/04\/pn0507__image-hi-res__sage-leaf-perspiration-control__902698.png",600,600,false],"gform-image-choice-sm":["https:\/\/womensense.com\/fr-ca\/wp-content\/uploads\/sites\/2\/2026\/04\/pn0507__image-hi-res__sage-leaf-perspiration-control__902698.png",300,300,false],"gform-image-choice-md":["https:\/\/womensense.com\/fr-ca\/wp-content\/uploads\/sites\/2\/2026\/04\/pn0507__image-hi-res__sage-leaf-perspiration-control__902698.png",400,400,false],"gform-image-choice-lg":["https:\/\/womensense.com\/fr-ca\/wp-content\/uploads\/sites\/2\/2026\/04\/pn0507__image-hi-res__sage-leaf-perspiration-control__902698.png",600,600,false],"woocommerce_thumbnail":["https:\/\/womensense.com\/fr-ca\/wp-content\/uploads\/sites\/2\/2026\/04\/pn0507__image-hi-res__sage-leaf-perspiration-control__902698-300x300.png",300,300,true],"woocommerce_single":["https:\/\/womensense.com\/fr-ca\/wp-content\/uploads\/sites\/2\/2026\/04\/pn0507__image-hi-res__sage-leaf-perspiration-control__902698.png",600,600,false],"woocommerce_gallery_thumbnail":["https:\/\/womensense.com\/fr-ca\/wp-content\/uploads\/sites\/2\/2026\/04\/pn0507__image-hi-res__sage-leaf-perspiration-control__902698-100x100.png",100,100,true]},"uagb_author_info":{"display_name":"Shiva Thomson","author_link":"https:\/\/womensense.com\/fr-ca\/author\/"},"uagb_comment_info":0,"uagb_excerpt":"Feuille de sauge Gestion de la transpiration de la gamme WomenSense contient 350 mg de poudre de sauge sans OGM par capsule v\u00e9g\u00e9tarienne, fabriqu\u00e9e \u00e0 partir des feuilles aromatiques de la plante. La feuille de sauge est traditionnellement utilis\u00e9e en phytoth\u00e9rapie pour r\u00e9duire la transpiration excessive. Il s\u2019agit d\u2019un suppl\u00e9ment populaire aupr\u00e8s des femmes qui&hellip;","_links":{"self":[{"href":"https:\/\/womensense.com\/fr-ca\/wp-json\/wp\/v2\/product\/4040","targetHints":{"allow":["GET"]}}],"collection":[{"href":"https:\/\/womensense.com\/fr-ca\/wp-json\/wp\/v2\/product"}],"about":[{"href":"https:\/\/womensense.com\/fr-ca\/wp-json\/wp\/v2\/types\/product"}],"wp:featuredmedia":[{"embeddable":true,"href":"https:\/\/womensense.com\/fr-ca\/wp-json\/wp\/v2\/media\/4783"}],"wp:attachment":[{"href":"https:\/\/womensense.com\/fr-ca\/wp-json\/wp\/v2\/media?parent=4040"}],"wp:term":[{"taxonomy":"benefit","embeddable":true,"href":"https:\/\/womensense.com\/fr-ca\/wp-json\/wp\/v2\/benefit?post=4040"},{"taxonomy":"product_brand","embeddable":true,"href":"https:\/\/womensense.com\/fr-ca\/wp-json\/wp\/v2\/product_brand?post=4040"},{"taxonomy":"product_cat","embeddable":true,"href":"https:\/\/womensense.com\/fr-ca\/wp-json\/wp\/v2\/product_cat?post=4040"},{"taxonomy":"product_tag","embeddable":true,"href":"https:\/\/womensense.com\/fr-ca\/wp-json\/wp\/v2\/product_tag?post=4040"}],"curies":[{"name":"wp","href":"https:\/\/api.w.org\/{rel}","templated":true}]}}