{"id":4045,"date":"2026-04-21T08:36:47","date_gmt":"2026-04-21T15:36:47","guid":{"rendered":"https:\/\/ws.local\/product\/adrenasense-adrenal-formula-vegetarian-capsules\/"},"modified":"2026-04-21T08:36:55","modified_gmt":"2026-04-21T15:36:55","slug":"adrenasense-formule-surrenales","status":"publish","type":"product","link":"https:\/\/womensense.com\/fr-ca\/product\/adrenasense-formule-surrenales\/","title":{"rendered":"AdrenaSense formule surr\u00e9nales"},"content":{"rendered":"<div class=\"fg-summary\">\n\t AdrenaSense est une pr\u00e9paration naturelle \u00e0 base  de rhodiole, de suma, de ginseng de Sib\u00e9rie, de  schisandra, et d\u2019ashwagandha. Les praticiens de la  sant\u00e9 recommandent AdrenaSense pour aider \u00e0  am\u00e9liorer les performances physiques et mentales  apr\u00e8s des p\u00e9riodes d\u2019\u00e9puisement et pour favoriser  temporairement la relaxation.\n<\/div>\n<ul class=\"fg-features\">\n<li> Am\u00e9liore les performances mentales et physiques apr\u00e8s  des p\u00e9riodes d\u2019effort mental ou physique <\/li>\n<li> Soulage la faiblesse g\u00e9n\u00e9rale <\/li>\n<li> Aide \u00e0 la convalescence <\/li>\n<li> Soutient un taux de cortisol sain et la fonction surr\u00e9nalienne <\/li>\n<\/ul>\n","protected":false},"excerpt":{"rendered":"<div class=\"fg-summary\">\n\t AdrenaSense est une pr\u00e9paration naturelle \u00e0 base  de rhodiole, de suma, de ginseng de Sib\u00e9rie, de  schisandra, et d\u2019ashwagandha. Les praticiens de la  sant\u00e9 recommandent AdrenaSense pour aider \u00e0  am\u00e9liorer les performances physiques et mentales  apr\u00e8s des p\u00e9riodes d\u2019\u00e9puisement et pour favoriser  temporairement la relaxation.\n<\/div>\n<ul class=\"fg-features\">\n<li> Am\u00e9liore les performances mentales et physiques apr\u00e8s  des p\u00e9riodes d\u2019effort mental ou physique <\/li>\n<li> Soulage la faiblesse g\u00e9n\u00e9rale <\/li>\n<li> Aide \u00e0 la convalescence <\/li>\n<li> Soutient un taux de cortisol sain et la fonction surr\u00e9nalienne <\/li>\n<\/ul>\n","protected":false},"featured_media":4786,"template":"","meta":{"_acf_changed":false,"_uag_custom_page_level_css":"","site-sidebar-layout":"default","site-content-layout":"","ast-site-content-layout":"default","site-content-style":"default","site-sidebar-style":"default","ast-global-header-display":"","ast-banner-title-visibility":"","ast-main-header-display":"","ast-hfb-above-header-display":"","ast-hfb-below-header-display":"","ast-hfb-mobile-header-display":"","site-post-title":"","ast-breadcrumbs-content":"","ast-featured-img":"","footer-sml-layout":"","ast-disable-related-posts":"","theme-transparent-header-meta":"","adv-header-id-meta":"","stick-header-meta":"","header-above-stick-meta":"","header-main-stick-meta":"","header-below-stick-meta":"","astra-migrate-meta-layouts":"default","ast-page-background-enabled":"default","ast-page-background-meta":{"desktop":{"background-color":"var(--ast-global-color-4)","background-image":"","background-repeat":"repeat","background-position":"center center","background-size":"auto","background-attachment":"scroll","background-type":"","background-media":"","overlay-type":"","overlay-color":"","overlay-opacity":"","overlay-gradient":""},"tablet":{"background-color":"","background-image":"","background-repeat":"repeat","background-position":"center center","background-size":"auto","background-attachment":"scroll","background-type":"","background-media":"","overlay-type":"","overlay-color":"","overlay-opacity":"","overlay-gradient":""},"mobile":{"background-color":"","background-image":"","background-repeat":"repeat","background-position":"center center","background-size":"auto","background-attachment":"scroll","background-type":"","background-media":"","overlay-type":"","overlay-color":"","overlay-opacity":"","overlay-gradient":""}},"ast-content-background-meta":{"desktop":{"background-color":"var(--ast-global-color-5)","background-image":"","background-repeat":"repeat","background-position":"center center","background-size":"auto","background-attachment":"scroll","background-type":"","background-media":"","overlay-type":"","overlay-color":"","overlay-opacity":"","overlay-gradient":""},"tablet":{"background-color":"var(--ast-global-color-5)","background-image":"","background-repeat":"repeat","background-position":"center center","background-size":"auto","background-attachment":"scroll","background-type":"","background-media":"","overlay-type":"","overlay-color":"","overlay-opacity":"","overlay-gradient":""},"mobile":{"background-color":"var(--ast-global-color-5)","background-image":"","background-repeat":"repeat","background-position":"center center","background-size":"auto","background-attachment":"scroll","background-type":"","background-media":"","overlay-type":"","overlay-color":"","overlay-opacity":"","overlay-gradient":""}}},"benefit":[286,262,276],"product_brand":[],"product_cat":[272],"product_tag":[170],"class_list":{"0":"post-4045","1":"product","2":"type-product","3":"status-publish","4":"has-post-thumbnail","6":"benefit-equilibre-de-lhumeur","7":"benefit-regulation-hormonale","8":"benefit-solutions-pour-le-stress-et-le-sommeil","9":"product_cat-ashwagandha","10":"product_tag-active","11":"desktop-align-center","12":"tablet-align-left","13":"mobile-align-left","14":"ast-product-gallery-layout-horizontal-slider","15":"ast-product-gallery-with-no-image","16":"ast-magnify-disabled","17":"ast-product-single-variable","18":"ast-product-tabs-layout-horizontal","20":"first","21":"instock","22":"product-type-variable","23":"has-default-attributes"},"acf":[],"yoast_head":"<!-- This site is optimized with the Yoast SEO plugin v27.5 - https:\/\/yoast.com\/product\/yoast-seo-wordpress\/ -->\n<title>AdrenaSense formule surr\u00e9nales - WomenSense French<\/title>\n<meta name=\"robots\" content=\"index, follow, max-snippet:-1, max-image-preview:large, max-video-preview:-1\" \/>\n<link rel=\"canonical\" href=\"https:\/\/womensense.com\/fr-ca\/product\/adrenasense-formule-surrenales\/\" \/>\n<meta property=\"og:locale\" content=\"fr_CA\" \/>\n<meta property=\"og:type\" content=\"article\" \/>\n<meta property=\"og:title\" content=\"AdrenaSense formule surr\u00e9nales - WomenSense French\" \/>\n<meta property=\"og:description\" content=\"AdrenaSense est une pr\u00e9paration naturelle \u00e0 base de rhodiole, de suma, de ginseng de Sib\u00e9rie, de schisandra, et d\u2019ashwagandha. Les praticiens de la sant\u00e9 recommandent AdrenaSense pour aider \u00e0 am\u00e9liorer les performances physiques et mentales apr\u00e8s des p\u00e9riodes d\u2019\u00e9puisement et pour favoriser temporairement la relaxation.    Am\u00e9liore les performances mentales et physiques apr\u00e8s des p\u00e9riodes d\u2019effort mental ou physique  Soulage la faiblesse g\u00e9n\u00e9rale  Aide \u00e0 la convalescence  Soutient un taux de cortisol sain et la fonction surr\u00e9nalienne\" \/>\n<meta property=\"og:url\" content=\"https:\/\/womensense.com\/fr-ca\/product\/adrenasense-formule-surrenales\/\" \/>\n<meta property=\"og:site_name\" content=\"WomenSense French\" \/>\n<meta property=\"article:modified_time\" content=\"2026-04-21T15:36:55+00:00\" \/>\n<meta property=\"og:image\" content=\"http:\/\/womensense.com\/fr-ca\/wp-content\/uploads\/sites\/2\/2026\/04\/pn0130__image-hi-res__adrenasense-adrenal-formula-vegetarian-capsules__1079682.png\" \/>\n\t<meta property=\"og:image:width\" content=\"600\" \/>\n\t<meta property=\"og:image:height\" content=\"600\" \/>\n\t<meta property=\"og:image:type\" content=\"image\/png\" \/>\n<meta name=\"twitter:card\" content=\"summary_large_image\" \/>\n<script type=\"application\/ld+json\" class=\"yoast-schema-graph\">{\"@context\":\"https:\\\/\\\/schema.org\",\"@graph\":[{\"@type\":\"WebPage\",\"@id\":\"https:\\\/\\\/womensense.com\\\/fr-ca\\\/product\\\/adrenasense-formule-surrenales\\\/\",\"url\":\"https:\\\/\\\/womensense.com\\\/fr-ca\\\/product\\\/adrenasense-formule-surrenales\\\/\",\"name\":\"AdrenaSense formule surr\u00e9nales - WomenSense French\",\"isPartOf\":{\"@id\":\"https:\\\/\\\/womensense.com\\\/fr-ca\\\/#website\"},\"primaryImageOfPage\":{\"@id\":\"https:\\\/\\\/womensense.com\\\/fr-ca\\\/product\\\/adrenasense-formule-surrenales\\\/#primaryimage\"},\"image\":{\"@id\":\"https:\\\/\\\/womensense.com\\\/fr-ca\\\/product\\\/adrenasense-formule-surrenales\\\/#primaryimage\"},\"thumbnailUrl\":\"https:\\\/\\\/womensense.com\\\/fr-ca\\\/wp-content\\\/uploads\\\/sites\\\/2\\\/2026\\\/04\\\/pn0130__image-hi-res__adrenasense-adrenal-formula-vegetarian-capsules__1079682.png\",\"datePublished\":\"2026-04-21T15:36:47+00:00\",\"dateModified\":\"2026-04-21T15:36:55+00:00\",\"breadcrumb\":{\"@id\":\"https:\\\/\\\/womensense.com\\\/fr-ca\\\/product\\\/adrenasense-formule-surrenales\\\/#breadcrumb\"},\"inLanguage\":\"fr-CA\",\"potentialAction\":[{\"@type\":\"ReadAction\",\"target\":[\"https:\\\/\\\/womensense.com\\\/fr-ca\\\/product\\\/adrenasense-formule-surrenales\\\/\"]}]},{\"@type\":\"ImageObject\",\"inLanguage\":\"fr-CA\",\"@id\":\"https:\\\/\\\/womensense.com\\\/fr-ca\\\/product\\\/adrenasense-formule-surrenales\\\/#primaryimage\",\"url\":\"https:\\\/\\\/womensense.com\\\/fr-ca\\\/wp-content\\\/uploads\\\/sites\\\/2\\\/2026\\\/04\\\/pn0130__image-hi-res__adrenasense-adrenal-formula-vegetarian-capsules__1079682.png\",\"contentUrl\":\"https:\\\/\\\/womensense.com\\\/fr-ca\\\/wp-content\\\/uploads\\\/sites\\\/2\\\/2026\\\/04\\\/pn0130__image-hi-res__adrenasense-adrenal-formula-vegetarian-capsules__1079682.png\",\"width\":600,\"height\":600,\"caption\":\"AdrenaSense(MD) formule surrnales capsules vgtariennes - Hi-Res - PN0130\"},{\"@type\":\"BreadcrumbList\",\"@id\":\"https:\\\/\\\/womensense.com\\\/fr-ca\\\/product\\\/adrenasense-formule-surrenales\\\/#breadcrumb\",\"itemListElement\":[{\"@type\":\"ListItem\",\"position\":1,\"name\":\"Home\",\"item\":\"https:\\\/\\\/womensense.com\\\/fr-ca\\\/\"},{\"@type\":\"ListItem\",\"position\":2,\"name\":\"Products\",\"item\":\"https:\\\/\\\/womensense.com\\\/fr-ca\\\/products\\\/\"},{\"@type\":\"ListItem\",\"position\":3,\"name\":\"AdrenaSense formule surr\u00e9nales\"}]},{\"@type\":\"WebSite\",\"@id\":\"https:\\\/\\\/womensense.com\\\/fr-ca\\\/#website\",\"url\":\"https:\\\/\\\/womensense.com\\\/fr-ca\\\/\",\"name\":\"WomenSense French\",\"description\":\"\",\"publisher\":{\"@id\":\"https:\\\/\\\/womensense.com\\\/fr-ca\\\/#organization\"},\"potentialAction\":[{\"@type\":\"SearchAction\",\"target\":{\"@type\":\"EntryPoint\",\"urlTemplate\":\"https:\\\/\\\/womensense.com\\\/fr-ca\\\/?s={search_term_string}\"},\"query-input\":{\"@type\":\"PropertyValueSpecification\",\"valueRequired\":true,\"valueName\":\"search_term_string\"}}],\"inLanguage\":\"fr-CA\"},{\"@type\":\"Organization\",\"@id\":\"https:\\\/\\\/womensense.com\\\/fr-ca\\\/#organization\",\"name\":\"WomenSense French\",\"url\":\"https:\\\/\\\/womensense.com\\\/fr-ca\\\/\",\"logo\":{\"@type\":\"ImageObject\",\"inLanguage\":\"fr-CA\",\"@id\":\"https:\\\/\\\/womensense.com\\\/fr-ca\\\/#\\\/schema\\\/logo\\\/image\\\/\",\"url\":\"https:\\\/\\\/womensense.com\\\/fr-ca\\\/wp-content\\\/uploads\\\/sites\\\/2\\\/2026\\\/02\\\/ws-logo.svg\",\"contentUrl\":\"https:\\\/\\\/womensense.com\\\/fr-ca\\\/wp-content\\\/uploads\\\/sites\\\/2\\\/2026\\\/02\\\/ws-logo.svg\",\"width\":1454,\"height\":662,\"caption\":\"WomenSense French\"},\"image\":{\"@id\":\"https:\\\/\\\/womensense.com\\\/fr-ca\\\/#\\\/schema\\\/logo\\\/image\\\/\"}}]}<\/script>\n<!-- \/ Yoast SEO plugin. -->","yoast_head_json":{"title":"AdrenaSense formule surr\u00e9nales - WomenSense French","robots":{"index":"index","follow":"follow","max-snippet":"max-snippet:-1","max-image-preview":"max-image-preview:large","max-video-preview":"max-video-preview:-1"},"canonical":"https:\/\/womensense.com\/fr-ca\/product\/adrenasense-formule-surrenales\/","og_locale":"fr_CA","og_type":"article","og_title":"AdrenaSense formule surr\u00e9nales - WomenSense French","og_description":"AdrenaSense est une pr\u00e9paration naturelle \u00e0 base de rhodiole, de suma, de ginseng de Sib\u00e9rie, de schisandra, et d\u2019ashwagandha. Les praticiens de la sant\u00e9 recommandent AdrenaSense pour aider \u00e0 am\u00e9liorer les performances physiques et mentales apr\u00e8s des p\u00e9riodes d\u2019\u00e9puisement et pour favoriser temporairement la relaxation.    Am\u00e9liore les performances mentales et physiques apr\u00e8s des p\u00e9riodes d\u2019effort mental ou physique  Soulage la faiblesse g\u00e9n\u00e9rale  Aide \u00e0 la convalescence  Soutient un taux de cortisol sain et la fonction surr\u00e9nalienne","og_url":"https:\/\/womensense.com\/fr-ca\/product\/adrenasense-formule-surrenales\/","og_site_name":"WomenSense French","article_modified_time":"2026-04-21T15:36:55+00:00","og_image":[{"width":600,"height":600,"url":"http:\/\/womensense.com\/fr-ca\/wp-content\/uploads\/sites\/2\/2026\/04\/pn0130__image-hi-res__adrenasense-adrenal-formula-vegetarian-capsules__1079682.png","type":"image\/png"}],"twitter_card":"summary_large_image","schema":{"@context":"https:\/\/schema.org","@graph":[{"@type":"WebPage","@id":"https:\/\/womensense.com\/fr-ca\/product\/adrenasense-formule-surrenales\/","url":"https:\/\/womensense.com\/fr-ca\/product\/adrenasense-formule-surrenales\/","name":"AdrenaSense formule surr\u00e9nales - WomenSense French","isPartOf":{"@id":"https:\/\/womensense.com\/fr-ca\/#website"},"primaryImageOfPage":{"@id":"https:\/\/womensense.com\/fr-ca\/product\/adrenasense-formule-surrenales\/#primaryimage"},"image":{"@id":"https:\/\/womensense.com\/fr-ca\/product\/adrenasense-formule-surrenales\/#primaryimage"},"thumbnailUrl":"https:\/\/womensense.com\/fr-ca\/wp-content\/uploads\/sites\/2\/2026\/04\/pn0130__image-hi-res__adrenasense-adrenal-formula-vegetarian-capsules__1079682.png","datePublished":"2026-04-21T15:36:47+00:00","dateModified":"2026-04-21T15:36:55+00:00","breadcrumb":{"@id":"https:\/\/womensense.com\/fr-ca\/product\/adrenasense-formule-surrenales\/#breadcrumb"},"inLanguage":"fr-CA","potentialAction":[{"@type":"ReadAction","target":["https:\/\/womensense.com\/fr-ca\/product\/adrenasense-formule-surrenales\/"]}]},{"@type":"ImageObject","inLanguage":"fr-CA","@id":"https:\/\/womensense.com\/fr-ca\/product\/adrenasense-formule-surrenales\/#primaryimage","url":"https:\/\/womensense.com\/fr-ca\/wp-content\/uploads\/sites\/2\/2026\/04\/pn0130__image-hi-res__adrenasense-adrenal-formula-vegetarian-capsules__1079682.png","contentUrl":"https:\/\/womensense.com\/fr-ca\/wp-content\/uploads\/sites\/2\/2026\/04\/pn0130__image-hi-res__adrenasense-adrenal-formula-vegetarian-capsules__1079682.png","width":600,"height":600,"caption":"AdrenaSense(MD) formule surrnales capsules vgtariennes - Hi-Res - PN0130"},{"@type":"BreadcrumbList","@id":"https:\/\/womensense.com\/fr-ca\/product\/adrenasense-formule-surrenales\/#breadcrumb","itemListElement":[{"@type":"ListItem","position":1,"name":"Home","item":"https:\/\/womensense.com\/fr-ca\/"},{"@type":"ListItem","position":2,"name":"Products","item":"https:\/\/womensense.com\/fr-ca\/products\/"},{"@type":"ListItem","position":3,"name":"AdrenaSense formule surr\u00e9nales"}]},{"@type":"WebSite","@id":"https:\/\/womensense.com\/fr-ca\/#website","url":"https:\/\/womensense.com\/fr-ca\/","name":"WomenSense French","description":"","publisher":{"@id":"https:\/\/womensense.com\/fr-ca\/#organization"},"potentialAction":[{"@type":"SearchAction","target":{"@type":"EntryPoint","urlTemplate":"https:\/\/womensense.com\/fr-ca\/?s={search_term_string}"},"query-input":{"@type":"PropertyValueSpecification","valueRequired":true,"valueName":"search_term_string"}}],"inLanguage":"fr-CA"},{"@type":"Organization","@id":"https:\/\/womensense.com\/fr-ca\/#organization","name":"WomenSense French","url":"https:\/\/womensense.com\/fr-ca\/","logo":{"@type":"ImageObject","inLanguage":"fr-CA","@id":"https:\/\/womensense.com\/fr-ca\/#\/schema\/logo\/image\/","url":"https:\/\/womensense.com\/fr-ca\/wp-content\/uploads\/sites\/2\/2026\/02\/ws-logo.svg","contentUrl":"https:\/\/womensense.com\/fr-ca\/wp-content\/uploads\/sites\/2\/2026\/02\/ws-logo.svg","width":1454,"height":662,"caption":"WomenSense French"},"image":{"@id":"https:\/\/womensense.com\/fr-ca\/#\/schema\/logo\/image\/"}}]}},"spectra_custom_meta":{"total_sales":["0"],"_stock_status":["instock"],"product_title_wrapper_bg":["product_title_wrapper_bg--purple"],"_product_title_wrapper_bg":["field_69976ef3c879f"],"_wp_old_slug":["adrenasense-adrenal-formula-vegetarian-capsules","adrenasense-adrenal-formula__trashed","adrenasense-adrenal-formula"],"_wc_review_count":["0"],"_wc_rating_count":["0"],"_wc_average_rating":["0"],"_sku":["PN0130"],"_tax_status":["none"],"_tax_class":[""],"_manage_stock":["no"],"_backorders":["no"],"_sold_individually":["no"],"_crosssell_ids":["a:3:{i:0;i:4011;i:1;i:4009;i:2;i:4019;}"],"_virtual":["no"],"_downloadable":["no"],"_download_limit":["-1"],"_download_expiry":["-1"],"_stock":[null],"_product_attributes":["a:1:{s:4:\"size\";a:6:{s:4:\"name\";s:4:\"Size\";s:5:\"value\";s:88:\"180\u00a0capsules v\u00e9g\u00e9tariennes|210\u00a0capsules v\u00e9g\u00e9tariennes|90\u00a0capsules v\u00e9g\u00e9tariennes\";s:8:\"position\";i:0;s:10:\"is_visible\";b:1;s:12:\"is_variation\";b:1;s:11:\"is_taxonomy\";b:0;}}"],"_product_version":["10.7.0"],"__is_newly_created_product":[""],"__first_variation_id":["4046"],"_product_id":["field_668afd01d6a11"],"product_id":["AN-CA-6-28826-00130-0"],"_subtitle":["field_68bb7abccd685"],"subtitle":[""],"_body":["field_66652d1802dae"],"body":[""],"_excerpt":["field_66652d2f02daf"],"excerpt":[""],"_marketing_summary":["field_68bb7bb6cd689"],"marketing_summary":["AdrenaSense est une pr\u00e9paration naturelle \u00e0 base  de rhodiole, de suma, de ginseng de Sib\u00e9rie, de  schisandra, et d\u2019ashwagandha. Les praticiens de la  sant\u00e9 recommandent AdrenaSense pour aider \u00e0  am\u00e9liorer les performances physiques et mentales  apr\u00e8s des p\u00e9riodes d\u2019\u00e9puisement et pour favoriser  temporairement la relaxation."],"_medicinal_ingredients":["field_66652dba0405a"],"medicinal_ingredients":["<table class=\"fg-table\" border=\"1\" collapse=\"collapse\"> <thead class=\"fg-head\"> <tr> <td colspan=\"2\"><b>Chaque 2 capsules v\u00e9g\u00e9tariennes contiennent : <\/td> <\/tr> <\/thead> <tbody> <tr> <td colspan=\"2\">Ingr\u00e9dients m\u00e9dicinaux : <\/td> <\/tr> <tr> <td colspan=\"1\">Extrait de rhodiole (<i>Rhodiola rosea<\/i>) (racine) (3,5 % de rosavines) <\/td> <td> 200 mg<\/td> <\/tr> <tr> <td colspan=\"1\">Poudre de suma (<i>Pfaffia paniculata<\/i>) (racine) <\/td> <td> 200 mg<\/td> <\/tr> <tr> <td colspan=\"1\">Extrait de ginseng sib\u00e9rien (<i>Eleutherococcus senticosus<\/i>) (racine) (0,25 % d\u2019\u00e9leuth\u00e9roside B, 0,4 % d\u2019\u00e9leuth\u00e9roside E) <\/td> <td> 200 mg<\/td> <\/tr> <tr> <td colspan=\"1\">Extrait de schisandra (<i>Schisandra chinensis<\/i>) (fruit) (2 % de schisandrines) <\/td> <td> 160 mg<\/td> <\/tr> <tr> <td colspan=\"1\">Extrait d\u2019ashwagandha (<i>Withania somnifera<\/i>) (racine) (1,5 % de withanolides) <\/td> <td> 160 mg<\/td> <\/tr> <\/tbody> <\/table>"],"_non_medicinal_ingredients":["field_66652dd456ed8"],"non_medicinal_ingredients":["cellulose microcristalline, capsule v\u00e9g\u00e9tarienne (cellulose, eau purifi\u00e9e), st\u00e9arate de magn\u00e9sium d\u2019origine v\u00e9g\u00e9tale (lubrifiant)."],"_recommended_purpose":["field_68bb7b43cd688"],"recommended_purpose":["<ul><li>Utilis\u00e9 en phytoth\u00e9rapie pour aider \u00e0 am\u00e9liorer les performances mentales et\/ou physiques apr\u00e8s des p\u00e9riodes d\u2019effort mental et\/ ou physique.<\/li><\/ul>"],"_recommended_dose":["field_6665306d56edd"],"recommended_dose":["Posologie recommand\u00e9e (adultes) : 1 capsule 2 fois par jour avec de la nourriture ou  suivre les recommandations d\u2019un praticien de la sant\u00e9."],"_allergen_statement":["field_66652e0e56ed9"],"allergen_statement":["Ce produit ne contient pas d\u2019agents de conservation, colorants ou \u00e9dulcorants artificiels ; sans produits laitiers, amidon, sucre, bl\u00e9, gluten, levure, soja, ma\u00efs, \u0153ufs, poissons, fruits de mer, produits animaux, sel, noix ni OGM. Convient aux v\u00e9g\u00e9tariens et v\u00e9g\u00e9taliens."],"_label_caution":["field_6665307456ede"],"label_caution":["Consulter un praticien de la sant\u00e9 si les sympt\u00f4mes persistent ou  s\u2019aggravent. Consulter un praticien de la sant\u00e9 avant l\u2019usage si vous allaitez ou si vous  souffrez de n\u2019importe quel type d\u2019infection aigu\u00eb. Ne pas utiliser si vous \u00eates enceinte  ou souffrez d\u2019hypertension art\u00e9rielle. La consommation de ce produit en association  avec des boissons alcoolis\u00e9es ou tout autre m\u00e9dicament ou produit de sant\u00e9 naturel  ayant des effets s\u00e9datifs est d\u00e9conseill\u00e9e. Conserver hors de la port\u00e9e des enfants."],"_strength":["field_6665304656eda"],"strength":[""],"_flavour":["field_6665305356edb"],"flavour":[""],"_form":["field_6665305a56edc"],"form":["capsules v\u00e9g\u00e9tariennes"],"_npn":["field_68bb7ac9cd686"],"npn":["80042543"],"_benefits":["field_69b84b4228258"],"benefits":[""],"_costco_product":["field_68bb7b36cd687"],"costco_product":[""],"_alt_lang_handle":["field_68bb7bc7cd68a"],"alt_lang_handle":[""],"_headline":["field_69d4403ef16a8"],"headline":["AM\u00c9LIORE LES SYMPT\u00d4MES DE STRESS"],"_wp_page_template":["default"],"_thumbnail_id":["4786"],"_product_image_gallery":[""],"_default_attributes":["a:1:{s:4:\"size\";s:29:\"180\u00a0capsules v\u00e9g\u00e9tariennes\";}"],"_price":["1","25.47","45.27"],"_uag_css_file_name":["uag-css-4045.css"]},"uagb_featured_image_src":{"full":["https:\/\/womensense.com\/fr-ca\/wp-content\/uploads\/sites\/2\/2026\/04\/pn0130__image-hi-res__adrenasense-adrenal-formula-vegetarian-capsules__1079682.png",600,600,false],"thumbnail":["https:\/\/womensense.com\/fr-ca\/wp-content\/uploads\/sites\/2\/2026\/04\/pn0130__image-hi-res__adrenasense-adrenal-formula-vegetarian-capsules__1079682-150x150.png",150,150,true],"medium":["https:\/\/womensense.com\/fr-ca\/wp-content\/uploads\/sites\/2\/2026\/04\/pn0130__image-hi-res__adrenasense-adrenal-formula-vegetarian-capsules__1079682-300x300.png",300,300,true],"medium_large":["https:\/\/womensense.com\/fr-ca\/wp-content\/uploads\/sites\/2\/2026\/04\/pn0130__image-hi-res__adrenasense-adrenal-formula-vegetarian-capsules__1079682.png",600,600,false],"large":["https:\/\/womensense.com\/fr-ca\/wp-content\/uploads\/sites\/2\/2026\/04\/pn0130__image-hi-res__adrenasense-adrenal-formula-vegetarian-capsules__1079682.png",600,600,false],"1536x1536":["https:\/\/womensense.com\/fr-ca\/wp-content\/uploads\/sites\/2\/2026\/04\/pn0130__image-hi-res__adrenasense-adrenal-formula-vegetarian-capsules__1079682.png",600,600,false],"2048x2048":["https:\/\/womensense.com\/fr-ca\/wp-content\/uploads\/sites\/2\/2026\/04\/pn0130__image-hi-res__adrenasense-adrenal-formula-vegetarian-capsules__1079682.png",600,600,false],"gform-image-choice-sm":["https:\/\/womensense.com\/fr-ca\/wp-content\/uploads\/sites\/2\/2026\/04\/pn0130__image-hi-res__adrenasense-adrenal-formula-vegetarian-capsules__1079682.png",300,300,false],"gform-image-choice-md":["https:\/\/womensense.com\/fr-ca\/wp-content\/uploads\/sites\/2\/2026\/04\/pn0130__image-hi-res__adrenasense-adrenal-formula-vegetarian-capsules__1079682.png",400,400,false],"gform-image-choice-lg":["https:\/\/womensense.com\/fr-ca\/wp-content\/uploads\/sites\/2\/2026\/04\/pn0130__image-hi-res__adrenasense-adrenal-formula-vegetarian-capsules__1079682.png",600,600,false],"woocommerce_thumbnail":["https:\/\/womensense.com\/fr-ca\/wp-content\/uploads\/sites\/2\/2026\/04\/pn0130__image-hi-res__adrenasense-adrenal-formula-vegetarian-capsules__1079682-300x300.png",300,300,true],"woocommerce_single":["https:\/\/womensense.com\/fr-ca\/wp-content\/uploads\/sites\/2\/2026\/04\/pn0130__image-hi-res__adrenasense-adrenal-formula-vegetarian-capsules__1079682.png",600,600,false],"woocommerce_gallery_thumbnail":["https:\/\/womensense.com\/fr-ca\/wp-content\/uploads\/sites\/2\/2026\/04\/pn0130__image-hi-res__adrenasense-adrenal-formula-vegetarian-capsules__1079682-100x100.png",100,100,true]},"uagb_author_info":{"display_name":"Shiva Thomson","author_link":"https:\/\/womensense.com\/fr-ca\/author\/"},"uagb_comment_info":0,"uagb_excerpt":"AdrenaSense est une pr\u00e9paration naturelle \u00e0 base de rhodiole, de suma, de ginseng de Sib\u00e9rie, de schisandra, et d\u2019ashwagandha. Les praticiens de la sant\u00e9 recommandent AdrenaSense pour aider \u00e0 am\u00e9liorer les performances physiques et mentales apr\u00e8s des p\u00e9riodes d\u2019\u00e9puisement et pour favoriser temporairement la relaxation. Am\u00e9liore les performances mentales et physiques apr\u00e8s des p\u00e9riodes d\u2019effort&hellip;","_links":{"self":[{"href":"https:\/\/womensense.com\/fr-ca\/wp-json\/wp\/v2\/product\/4045","targetHints":{"allow":["GET"]}}],"collection":[{"href":"https:\/\/womensense.com\/fr-ca\/wp-json\/wp\/v2\/product"}],"about":[{"href":"https:\/\/womensense.com\/fr-ca\/wp-json\/wp\/v2\/types\/product"}],"wp:featuredmedia":[{"embeddable":true,"href":"https:\/\/womensense.com\/fr-ca\/wp-json\/wp\/v2\/media\/4786"}],"wp:attachment":[{"href":"https:\/\/womensense.com\/fr-ca\/wp-json\/wp\/v2\/media?parent=4045"}],"wp:term":[{"taxonomy":"benefit","embeddable":true,"href":"https:\/\/womensense.com\/fr-ca\/wp-json\/wp\/v2\/benefit?post=4045"},{"taxonomy":"product_brand","embeddable":true,"href":"https:\/\/womensense.com\/fr-ca\/wp-json\/wp\/v2\/product_brand?post=4045"},{"taxonomy":"product_cat","embeddable":true,"href":"https:\/\/womensense.com\/fr-ca\/wp-json\/wp\/v2\/product_cat?post=4045"},{"taxonomy":"product_tag","embeddable":true,"href":"https:\/\/womensense.com\/fr-ca\/wp-json\/wp\/v2\/product_tag?post=4045"}],"curies":[{"name":"wp","href":"https:\/\/api.w.org\/{rel}","templated":true}]}}