{"id":4063,"date":"2026-04-14T08:52:43","date_gmt":"2026-04-14T15:52:43","guid":{"rendered":"https:\/\/ws.local\/product\/veinsense-beautiful-legs-formula-vegetarian-capsules\/"},"modified":"2026-04-14T08:52:47","modified_gmt":"2026-04-14T15:52:47","slug":"veinsense-formule-pour-la-beaute-des-jambes","status":"publish","type":"product","link":"https:\/\/womensense.com\/fr-ca\/product\/veinsense-formule-pour-la-beaute-des-jambes\/","title":{"rendered":"VeinSense formule pour la beaut\u00e9 des jambes"},"content":{"rendered":"<ul class=\"fg-features\">\n<li> Utilis\u00e9 en phytoth\u00e9rapie pour le traitement des varices et de l\u2019insuffisance veineuse chronique <\/li>\n<li> Aide \u00e0 soulager la douleur, l\u2019enflure et les crampes dues \u00e0 l\u2019insuffisance veineuse <\/li>\n<li> Am\u00e9liore l\u2019apparence des varices et des varicosit\u00e9s <\/li>\n<li> R\u00e9duit la r\u00e9tention d\u2019eau afin d\u2019all\u00e9ger la pression dans les jambes <\/li>\n<li> Contient les antioxydants diosmine et hesp\u00e9ridine <\/li>\n<li> Con\u00e7u pour la sant\u00e9 et la circulation veineuses <\/li>\n<\/ul>\n","protected":false},"excerpt":{"rendered":"<ul class=\"fg-features\">\n<li> Utilis\u00e9 en phytoth\u00e9rapie pour le traitement des varices et de l\u2019insuffisance veineuse chronique <\/li>\n<li> Aide \u00e0 soulager la douleur, l\u2019enflure et les crampes dues \u00e0 l\u2019insuffisance veineuse <\/li>\n<li> Am\u00e9liore l\u2019apparence des varices et des varicosit\u00e9s <\/li>\n<li> R\u00e9duit la r\u00e9tention d\u2019eau afin d\u2019all\u00e9ger la pression dans les jambes <\/li>\n<li> Contient les antioxydants diosmine et hesp\u00e9ridine <\/li>\n<li> Con\u00e7u pour la sant\u00e9 et la circulation veineuses <\/li>\n<\/ul>\n","protected":false},"featured_media":4793,"template":"","meta":{"_acf_changed":false,"_uag_custom_page_level_css":"","site-sidebar-layout":"default","site-content-layout":"","ast-site-content-layout":"default","site-content-style":"default","site-sidebar-style":"default","ast-global-header-display":"","ast-banner-title-visibility":"","ast-main-header-display":"","ast-hfb-above-header-display":"","ast-hfb-below-header-display":"","ast-hfb-mobile-header-display":"","site-post-title":"","ast-breadcrumbs-content":"","ast-featured-img":"","footer-sml-layout":"","ast-disable-related-posts":"","theme-transparent-header-meta":"","adv-header-id-meta":"","stick-header-meta":"","header-above-stick-meta":"","header-main-stick-meta":"","header-below-stick-meta":"","astra-migrate-meta-layouts":"default","ast-page-background-enabled":"default","ast-page-background-meta":{"desktop":{"background-color":"var(--ast-global-color-4)","background-image":"","background-repeat":"repeat","background-position":"center center","background-size":"auto","background-attachment":"scroll","background-type":"","background-media":"","overlay-type":"","overlay-color":"","overlay-opacity":"","overlay-gradient":""},"tablet":{"background-color":"","background-image":"","background-repeat":"repeat","background-position":"center center","background-size":"auto","background-attachment":"scroll","background-type":"","background-media":"","overlay-type":"","overlay-color":"","overlay-opacity":"","overlay-gradient":""},"mobile":{"background-color":"","background-image":"","background-repeat":"repeat","background-position":"center center","background-size":"auto","background-attachment":"scroll","background-type":"","background-media":"","overlay-type":"","overlay-color":"","overlay-opacity":"","overlay-gradient":""}},"ast-content-background-meta":{"desktop":{"background-color":"var(--ast-global-color-5)","background-image":"","background-repeat":"repeat","background-position":"center center","background-size":"auto","background-attachment":"scroll","background-type":"","background-media":"","overlay-type":"","overlay-color":"","overlay-opacity":"","overlay-gradient":""},"tablet":{"background-color":"var(--ast-global-color-5)","background-image":"","background-repeat":"repeat","background-position":"center center","background-size":"auto","background-attachment":"scroll","background-type":"","background-media":"","overlay-type":"","overlay-color":"","overlay-opacity":"","overlay-gradient":""},"mobile":{"background-color":"var(--ast-global-color-5)","background-image":"","background-repeat":"repeat","background-position":"center center","background-size":"auto","background-attachment":"scroll","background-type":"","background-media":"","overlay-type":"","overlay-color":"","overlay-opacity":"","overlay-gradient":""}}},"benefit":[282],"product_brand":[],"product_cat":[],"product_tag":[170],"class_list":{"0":"post-4063","1":"product","2":"type-product","3":"status-publish","4":"has-post-thumbnail","6":"benefit-cheveux-peau-et-ongles","7":"product_tag-active","8":"desktop-align-center","9":"tablet-align-left","10":"mobile-align-left","11":"ast-product-gallery-layout-horizontal-slider","12":"ast-product-gallery-with-no-image","13":"ast-magnify-disabled","14":"ast-product-single-variable","15":"ast-product-tabs-layout-horizontal","17":"first","18":"instock","19":"product-type-variable","20":"has-default-attributes"},"acf":[],"yoast_head":"<!-- This site is optimized with the Yoast SEO plugin v27.4 - https:\/\/yoast.com\/product\/yoast-seo-wordpress\/ -->\n<title>VeinSense formule pour la beaut\u00e9 des jambes - WomenSense French<\/title>\n<meta name=\"robots\" content=\"index, follow, max-snippet:-1, max-image-preview:large, max-video-preview:-1\" \/>\n<link rel=\"canonical\" href=\"https:\/\/womensense.com\/fr-ca\/product\/veinsense-formule-pour-la-beaute-des-jambes\/\" \/>\n<meta property=\"og:locale\" content=\"fr_CA\" \/>\n<meta property=\"og:type\" content=\"article\" \/>\n<meta property=\"og:title\" content=\"VeinSense formule pour la beaut\u00e9 des jambes - WomenSense French\" \/>\n<meta property=\"og:description\" content=\"Utilis\u00e9 en phytoth\u00e9rapie pour le traitement des varices et de l\u2019insuffisance veineuse chronique  Aide \u00e0 soulager la douleur, l\u2019enflure et les crampes dues \u00e0 l\u2019insuffisance veineuse  Am\u00e9liore l\u2019apparence des varices et des varicosit\u00e9s  R\u00e9duit la r\u00e9tention d\u2019eau afin d\u2019all\u00e9ger la pression dans les jambes  Contient les antioxydants diosmine et hesp\u00e9ridine  Con\u00e7u pour la sant\u00e9 et la circulation veineuses\" \/>\n<meta property=\"og:url\" content=\"https:\/\/womensense.com\/fr-ca\/product\/veinsense-formule-pour-la-beaute-des-jambes\/\" \/>\n<meta property=\"og:site_name\" content=\"WomenSense French\" \/>\n<meta property=\"article:modified_time\" content=\"2026-04-14T15:52:47+00:00\" \/>\n<meta property=\"og:image\" content=\"https:\/\/womensense.com\/fr-ca\/wp-content\/uploads\/sites\/2\/2026\/04\/pn0185__image-hi-res__veinsense-beautiful-legs-formula-vegetarian-capsules__964166.png\" \/>\n\t<meta property=\"og:image:width\" content=\"600\" \/>\n\t<meta property=\"og:image:height\" content=\"600\" \/>\n\t<meta property=\"og:image:type\" content=\"image\/png\" \/>\n<meta name=\"twitter:card\" content=\"summary_large_image\" \/>\n<script type=\"application\/ld+json\" class=\"yoast-schema-graph\">{\"@context\":\"https:\\\/\\\/schema.org\",\"@graph\":[{\"@type\":\"WebPage\",\"@id\":\"https:\\\/\\\/womensense.com\\\/fr-ca\\\/product\\\/veinsense-formule-pour-la-beaute-des-jambes\\\/\",\"url\":\"https:\\\/\\\/womensense.com\\\/fr-ca\\\/product\\\/veinsense-formule-pour-la-beaute-des-jambes\\\/\",\"name\":\"VeinSense formule pour la beaut\u00e9 des jambes - WomenSense French\",\"isPartOf\":{\"@id\":\"https:\\\/\\\/womensense.com\\\/fr-ca\\\/#website\"},\"primaryImageOfPage\":{\"@id\":\"https:\\\/\\\/womensense.com\\\/fr-ca\\\/product\\\/veinsense-formule-pour-la-beaute-des-jambes\\\/#primaryimage\"},\"image\":{\"@id\":\"https:\\\/\\\/womensense.com\\\/fr-ca\\\/product\\\/veinsense-formule-pour-la-beaute-des-jambes\\\/#primaryimage\"},\"thumbnailUrl\":\"https:\\\/\\\/womensense.com\\\/fr-ca\\\/wp-content\\\/uploads\\\/sites\\\/2\\\/2026\\\/04\\\/pn0185__image-hi-res__veinsense-beautiful-legs-formula-vegetarian-capsules__964166.png\",\"datePublished\":\"2026-04-14T15:52:43+00:00\",\"dateModified\":\"2026-04-14T15:52:47+00:00\",\"breadcrumb\":{\"@id\":\"https:\\\/\\\/womensense.com\\\/fr-ca\\\/product\\\/veinsense-formule-pour-la-beaute-des-jambes\\\/#breadcrumb\"},\"inLanguage\":\"fr-CA\",\"potentialAction\":[{\"@type\":\"ReadAction\",\"target\":[\"https:\\\/\\\/womensense.com\\\/fr-ca\\\/product\\\/veinsense-formule-pour-la-beaute-des-jambes\\\/\"]}]},{\"@type\":\"ImageObject\",\"inLanguage\":\"fr-CA\",\"@id\":\"https:\\\/\\\/womensense.com\\\/fr-ca\\\/product\\\/veinsense-formule-pour-la-beaute-des-jambes\\\/#primaryimage\",\"url\":\"https:\\\/\\\/womensense.com\\\/fr-ca\\\/wp-content\\\/uploads\\\/sites\\\/2\\\/2026\\\/04\\\/pn0185__image-hi-res__veinsense-beautiful-legs-formula-vegetarian-capsules__964166.png\",\"contentUrl\":\"https:\\\/\\\/womensense.com\\\/fr-ca\\\/wp-content\\\/uploads\\\/sites\\\/2\\\/2026\\\/04\\\/pn0185__image-hi-res__veinsense-beautiful-legs-formula-vegetarian-capsules__964166.png\",\"width\":600,\"height\":600,\"caption\":\"VeinSense(MD) formule pour la beaut des jambes capsules vgtariennes - Hi-Res - PN0185\"},{\"@type\":\"BreadcrumbList\",\"@id\":\"https:\\\/\\\/womensense.com\\\/fr-ca\\\/product\\\/veinsense-formule-pour-la-beaute-des-jambes\\\/#breadcrumb\",\"itemListElement\":[{\"@type\":\"ListItem\",\"position\":1,\"name\":\"Home\",\"item\":\"https:\\\/\\\/womensense.com\\\/fr-ca\\\/\"},{\"@type\":\"ListItem\",\"position\":2,\"name\":\"Products\",\"item\":\"https:\\\/\\\/womensense.com\\\/fr-ca\\\/products\\\/\"},{\"@type\":\"ListItem\",\"position\":3,\"name\":\"VeinSense formule pour la beaut\u00e9 des jambes\"}]},{\"@type\":\"WebSite\",\"@id\":\"https:\\\/\\\/womensense.com\\\/fr-ca\\\/#website\",\"url\":\"https:\\\/\\\/womensense.com\\\/fr-ca\\\/\",\"name\":\"WomenSense French\",\"description\":\"\",\"publisher\":{\"@id\":\"https:\\\/\\\/womensense.com\\\/fr-ca\\\/#organization\"},\"potentialAction\":[{\"@type\":\"SearchAction\",\"target\":{\"@type\":\"EntryPoint\",\"urlTemplate\":\"https:\\\/\\\/womensense.com\\\/fr-ca\\\/?s={search_term_string}\"},\"query-input\":{\"@type\":\"PropertyValueSpecification\",\"valueRequired\":true,\"valueName\":\"search_term_string\"}}],\"inLanguage\":\"fr-CA\"},{\"@type\":\"Organization\",\"@id\":\"https:\\\/\\\/womensense.com\\\/fr-ca\\\/#organization\",\"name\":\"WomenSense French\",\"url\":\"https:\\\/\\\/womensense.com\\\/fr-ca\\\/\",\"logo\":{\"@type\":\"ImageObject\",\"inLanguage\":\"fr-CA\",\"@id\":\"https:\\\/\\\/womensense.com\\\/fr-ca\\\/#\\\/schema\\\/logo\\\/image\\\/\",\"url\":\"https:\\\/\\\/womensense.com\\\/fr-ca\\\/wp-content\\\/uploads\\\/sites\\\/2\\\/2026\\\/02\\\/ws-logo.svg\",\"contentUrl\":\"https:\\\/\\\/womensense.com\\\/fr-ca\\\/wp-content\\\/uploads\\\/sites\\\/2\\\/2026\\\/02\\\/ws-logo.svg\",\"width\":1454,\"height\":662,\"caption\":\"WomenSense French\"},\"image\":{\"@id\":\"https:\\\/\\\/womensense.com\\\/fr-ca\\\/#\\\/schema\\\/logo\\\/image\\\/\"}}]}<\/script>\n<!-- \/ Yoast SEO plugin. -->","yoast_head_json":{"title":"VeinSense formule pour la beaut\u00e9 des jambes - WomenSense French","robots":{"index":"index","follow":"follow","max-snippet":"max-snippet:-1","max-image-preview":"max-image-preview:large","max-video-preview":"max-video-preview:-1"},"canonical":"https:\/\/womensense.com\/fr-ca\/product\/veinsense-formule-pour-la-beaute-des-jambes\/","og_locale":"fr_CA","og_type":"article","og_title":"VeinSense formule pour la beaut\u00e9 des jambes - WomenSense French","og_description":"Utilis\u00e9 en phytoth\u00e9rapie pour le traitement des varices et de l\u2019insuffisance veineuse chronique  Aide \u00e0 soulager la douleur, l\u2019enflure et les crampes dues \u00e0 l\u2019insuffisance veineuse  Am\u00e9liore l\u2019apparence des varices et des varicosit\u00e9s  R\u00e9duit la r\u00e9tention d\u2019eau afin d\u2019all\u00e9ger la pression dans les jambes  Contient les antioxydants diosmine et hesp\u00e9ridine  Con\u00e7u pour la sant\u00e9 et la circulation veineuses","og_url":"https:\/\/womensense.com\/fr-ca\/product\/veinsense-formule-pour-la-beaute-des-jambes\/","og_site_name":"WomenSense French","article_modified_time":"2026-04-14T15:52:47+00:00","og_image":[{"width":600,"height":600,"url":"https:\/\/womensense.com\/fr-ca\/wp-content\/uploads\/sites\/2\/2026\/04\/pn0185__image-hi-res__veinsense-beautiful-legs-formula-vegetarian-capsules__964166.png","type":"image\/png"}],"twitter_card":"summary_large_image","schema":{"@context":"https:\/\/schema.org","@graph":[{"@type":"WebPage","@id":"https:\/\/womensense.com\/fr-ca\/product\/veinsense-formule-pour-la-beaute-des-jambes\/","url":"https:\/\/womensense.com\/fr-ca\/product\/veinsense-formule-pour-la-beaute-des-jambes\/","name":"VeinSense formule pour la beaut\u00e9 des jambes - WomenSense French","isPartOf":{"@id":"https:\/\/womensense.com\/fr-ca\/#website"},"primaryImageOfPage":{"@id":"https:\/\/womensense.com\/fr-ca\/product\/veinsense-formule-pour-la-beaute-des-jambes\/#primaryimage"},"image":{"@id":"https:\/\/womensense.com\/fr-ca\/product\/veinsense-formule-pour-la-beaute-des-jambes\/#primaryimage"},"thumbnailUrl":"https:\/\/womensense.com\/fr-ca\/wp-content\/uploads\/sites\/2\/2026\/04\/pn0185__image-hi-res__veinsense-beautiful-legs-formula-vegetarian-capsules__964166.png","datePublished":"2026-04-14T15:52:43+00:00","dateModified":"2026-04-14T15:52:47+00:00","breadcrumb":{"@id":"https:\/\/womensense.com\/fr-ca\/product\/veinsense-formule-pour-la-beaute-des-jambes\/#breadcrumb"},"inLanguage":"fr-CA","potentialAction":[{"@type":"ReadAction","target":["https:\/\/womensense.com\/fr-ca\/product\/veinsense-formule-pour-la-beaute-des-jambes\/"]}]},{"@type":"ImageObject","inLanguage":"fr-CA","@id":"https:\/\/womensense.com\/fr-ca\/product\/veinsense-formule-pour-la-beaute-des-jambes\/#primaryimage","url":"https:\/\/womensense.com\/fr-ca\/wp-content\/uploads\/sites\/2\/2026\/04\/pn0185__image-hi-res__veinsense-beautiful-legs-formula-vegetarian-capsules__964166.png","contentUrl":"https:\/\/womensense.com\/fr-ca\/wp-content\/uploads\/sites\/2\/2026\/04\/pn0185__image-hi-res__veinsense-beautiful-legs-formula-vegetarian-capsules__964166.png","width":600,"height":600,"caption":"VeinSense(MD) formule pour la beaut des jambes capsules vgtariennes - Hi-Res - PN0185"},{"@type":"BreadcrumbList","@id":"https:\/\/womensense.com\/fr-ca\/product\/veinsense-formule-pour-la-beaute-des-jambes\/#breadcrumb","itemListElement":[{"@type":"ListItem","position":1,"name":"Home","item":"https:\/\/womensense.com\/fr-ca\/"},{"@type":"ListItem","position":2,"name":"Products","item":"https:\/\/womensense.com\/fr-ca\/products\/"},{"@type":"ListItem","position":3,"name":"VeinSense formule pour la beaut\u00e9 des jambes"}]},{"@type":"WebSite","@id":"https:\/\/womensense.com\/fr-ca\/#website","url":"https:\/\/womensense.com\/fr-ca\/","name":"WomenSense French","description":"","publisher":{"@id":"https:\/\/womensense.com\/fr-ca\/#organization"},"potentialAction":[{"@type":"SearchAction","target":{"@type":"EntryPoint","urlTemplate":"https:\/\/womensense.com\/fr-ca\/?s={search_term_string}"},"query-input":{"@type":"PropertyValueSpecification","valueRequired":true,"valueName":"search_term_string"}}],"inLanguage":"fr-CA"},{"@type":"Organization","@id":"https:\/\/womensense.com\/fr-ca\/#organization","name":"WomenSense French","url":"https:\/\/womensense.com\/fr-ca\/","logo":{"@type":"ImageObject","inLanguage":"fr-CA","@id":"https:\/\/womensense.com\/fr-ca\/#\/schema\/logo\/image\/","url":"https:\/\/womensense.com\/fr-ca\/wp-content\/uploads\/sites\/2\/2026\/02\/ws-logo.svg","contentUrl":"https:\/\/womensense.com\/fr-ca\/wp-content\/uploads\/sites\/2\/2026\/02\/ws-logo.svg","width":1454,"height":662,"caption":"WomenSense French"},"image":{"@id":"https:\/\/womensense.com\/fr-ca\/#\/schema\/logo\/image\/"}}]}},"spectra_custom_meta":{"total_sales":["0"],"_stock_status":["instock"],"product_title_wrapper_bg":["product_title_wrapper_bg--teal"],"_product_title_wrapper_bg":["field_69976ef3c879f"],"_wp_old_slug":["veinsense-beautiful-legs-formula-vegetarian-capsules","veinsense-beautiful-legs-formula__trashed","veinsense-beautiful-legs-formula"],"_wc_review_count":["0"],"_wc_rating_count":["0"],"_wc_average_rating":["0"],"_sku":["PN0185"],"_tax_status":["none"],"_tax_class":[""],"_manage_stock":["no"],"_backorders":["no"],"_sold_individually":["no"],"_virtual":["no"],"_downloadable":["no"],"_download_limit":["-1"],"_download_expiry":["-1"],"_stock":[null],"_product_attributes":["a:1:{s:4:\"size\";a:6:{s:4:\"name\";s:4:\"Size\";s:5:\"value\";s:28:\"90\u00a0capsules v\u00e9g\u00e9tariennes\";s:8:\"position\";i:0;s:10:\"is_visible\";b:1;s:12:\"is_variation\";b:1;s:11:\"is_taxonomy\";b:0;}}"],"_product_version":["10.6.2"],"__is_newly_created_product":[""],"__first_variation_id":["4064"],"_product_id":["field_668afd01d6a11"],"product_id":["AN-CA-6-28826-00185-0"],"_subtitle":["field_68bb7abccd685"],"subtitle":[""],"_body":["field_66652d1802dae"],"body":[""],"_excerpt":["field_66652d2f02daf"],"excerpt":[""],"_marketing_summary":["field_68bb7bb6cd689"],"marketing_summary":[""],"_medicinal_ingredients":["field_66652dba0405a"],"medicinal_ingredients":["<table class=\"fg-table\" border=\"1\" collapse=\"collapse\"> <thead class=\"fg-head\"> <tr> <td colspan=\"2\"><b>Chaque capsule v\u00e9g\u00e9tarienne contient :<\/b> <\/td> <\/tr> <\/thead> <tbody> <tr> <td colspan=\"2\">Ingr\u00e9dients m\u00e9dicinaux : <\/td> <\/tr> <tr> <td colspan=\"1\">Diosmine (Citrus sinensis) (\u00e9corce) <\/td> <td> 300 mg<\/td> <\/tr> <tr> <td colspan=\"1\">Extrait de marron d\u2019Inde (Aesculus hippocastanum, 18 % d\u2019aescine) (graine) <\/td> <td> 167 mg<\/td> <\/tr> <tr> <td colspan=\"1\">Extrait de fragon \u00e9pineux (Ruscus aculeatus, 10% de ruscog\u00e9nines) (rhizome) <\/td> <td> 33 mg<\/td> <\/tr> <tr> <td colspan=\"1\">Hesp\u00e9ridine (Citrus sinensis) (fruit) <\/td> <td> 33 mg<\/td> <\/tr> <\/tbody> <\/table>"],"_non_medicinal_ingredients":["field_66652dd456ed8"],"non_medicinal_ingredients":["cellulose microcristalline, capsule v\u00e9g\u00e9tarienne (cellulose, eau purifi\u00e9e), st\u00e9arate de magn\u00e9sium d\u2019origine v\u00e9g\u00e9tale (lubrifiant)."],"_recommended_purpose":["field_68bb7b43cd688"],"recommended_purpose":["<ul><li>Utilis\u00e9 en phytoth\u00e9rapie pour aider \u00e0 traiter les varices ainsi que l\u2019insuffisance veineuse chronique et les sympt\u00f4mes qui l\u2019accompagnent (douleurs, enflures et crampes).<\/li><\/ul>"],"_recommended_dose":["field_6665306d56edd"],"recommended_dose":["Posologie recommand\u00e9e (adultes) : 1 capsule 3 fois par jour avec de la nourriture ou suivre les recommandations d\u2019un praticien de la sant\u00e9."],"_allergen_statement":["field_66652e0e56ed9"],"allergen_statement":["Ce produit ne contient pas d\u2019agents de conservation, colorants ou \u00e9dulcorants artificiels ; sans produits laitiers, amidon, sucre, bl\u00e9, gluten, levure, soja, ma\u00efs, \u0153ufs, poissons, fruits de mer, produits animaux, sel, noix ni OGM. Convient aux v\u00e9g\u00e9tariens et v\u00e9g\u00e9taliens."],"_label_caution":["field_6665307456ede"],"label_caution":["&nbsp;Consulter un praticien de la sant\u00e9 si les sympt\u00f4mes persistent ou s\u2019aggravent. Consulter un praticien de la sant\u00e9 avant l\u2019usage si vous \u00eates enceinte ou si vous allaitez. Peut causer des maux de t\u00eate, des \u00e9tourdissements, des d\u00e9mangeaisons ou une irritation de l\u2019estomac chez certaines personnes. Conserver hors de la port\u00e9e des&nbsp;enfants."],"_strength":["field_6665304656eda"],"strength":[""],"_flavour":["field_6665305356edb"],"flavour":[""],"_form":["field_6665305a56edc"],"form":["capsules v\u00e9g\u00e9tariennes"],"_npn":["field_68bb7ac9cd686"],"npn":["80023078"],"_benefits":["field_69b84b4228258"],"benefits":[""],"_costco_product":["field_68bb7b36cd687"],"costco_product":[""],"_alt_lang_handle":["field_68bb7bc7cd68a"],"alt_lang_handle":[""],"_headline":["field_69d4403ef16a8"],"headline":["Aide \u00e0 traiter l\u2019insuffisance veineuse chronique"],"_wp_page_template":["default"],"_thumbnail_id":["4793"],"_product_image_gallery":[""],"_default_attributes":["a:1:{s:4:\"size\";s:28:\"90\u00a0capsules v\u00e9g\u00e9tariennes\";}"],"_price":["26.87"],"_uag_css_file_name":["uag-css-4063.css"],"_uag_page_assets":["a:9:{s:3:\"css\";s:263:\".uag-blocks-common-selector{z-index:var(--z-index-desktop) !important}@media (max-width: 976px){.uag-blocks-common-selector{z-index:var(--z-index-tablet) !important}}@media (max-width: 767px){.uag-blocks-common-selector{z-index:var(--z-index-mobile) !important}}\n\";s:2:\"js\";s:0:\"\";s:18:\"current_block_list\";a:11:{i:0;s:11:\"core\/search\";i:1;s:10:\"core\/group\";i:2;s:12:\"core\/heading\";i:3;s:17:\"core\/latest-posts\";i:4;s:20:\"core\/latest-comments\";i:5;s:13:\"core\/archives\";i:6;s:15:\"core\/categories\";i:7;s:26:\"woocommerce\/product-search\";i:8;s:17:\"core\/widget-group\";i:9;s:30:\"woocommerce\/product-categories\";i:10;s:22:\"lloc\/msls-widget-block\";}s:8:\"uag_flag\";b:0;s:11:\"uag_version\";i:1776424592;s:6:\"gfonts\";a:0:{}s:10:\"gfonts_url\";s:0:\"\";s:12:\"gfonts_files\";a:0:{}s:14:\"uag_faq_layout\";b:0;}"]},"uagb_featured_image_src":{"full":["https:\/\/womensense.com\/fr-ca\/wp-content\/uploads\/sites\/2\/2026\/04\/pn0185__image-hi-res__veinsense-beautiful-legs-formula-vegetarian-capsules__964166.png",600,600,false],"thumbnail":["https:\/\/womensense.com\/fr-ca\/wp-content\/uploads\/sites\/2\/2026\/04\/pn0185__image-hi-res__veinsense-beautiful-legs-formula-vegetarian-capsules__964166-150x150.png",150,150,true],"medium":["https:\/\/womensense.com\/fr-ca\/wp-content\/uploads\/sites\/2\/2026\/04\/pn0185__image-hi-res__veinsense-beautiful-legs-formula-vegetarian-capsules__964166-300x300.png",300,300,true],"medium_large":["https:\/\/womensense.com\/fr-ca\/wp-content\/uploads\/sites\/2\/2026\/04\/pn0185__image-hi-res__veinsense-beautiful-legs-formula-vegetarian-capsules__964166.png",600,600,false],"large":["https:\/\/womensense.com\/fr-ca\/wp-content\/uploads\/sites\/2\/2026\/04\/pn0185__image-hi-res__veinsense-beautiful-legs-formula-vegetarian-capsules__964166.png",600,600,false],"1536x1536":["https:\/\/womensense.com\/fr-ca\/wp-content\/uploads\/sites\/2\/2026\/04\/pn0185__image-hi-res__veinsense-beautiful-legs-formula-vegetarian-capsules__964166.png",600,600,false],"2048x2048":["https:\/\/womensense.com\/fr-ca\/wp-content\/uploads\/sites\/2\/2026\/04\/pn0185__image-hi-res__veinsense-beautiful-legs-formula-vegetarian-capsules__964166.png",600,600,false],"gform-image-choice-sm":["https:\/\/womensense.com\/fr-ca\/wp-content\/uploads\/sites\/2\/2026\/04\/pn0185__image-hi-res__veinsense-beautiful-legs-formula-vegetarian-capsules__964166.png",300,300,false],"gform-image-choice-md":["https:\/\/womensense.com\/fr-ca\/wp-content\/uploads\/sites\/2\/2026\/04\/pn0185__image-hi-res__veinsense-beautiful-legs-formula-vegetarian-capsules__964166.png",400,400,false],"gform-image-choice-lg":["https:\/\/womensense.com\/fr-ca\/wp-content\/uploads\/sites\/2\/2026\/04\/pn0185__image-hi-res__veinsense-beautiful-legs-formula-vegetarian-capsules__964166.png",600,600,false],"woocommerce_thumbnail":["https:\/\/womensense.com\/fr-ca\/wp-content\/uploads\/sites\/2\/2026\/04\/pn0185__image-hi-res__veinsense-beautiful-legs-formula-vegetarian-capsules__964166-300x300.png",300,300,true],"woocommerce_single":["https:\/\/womensense.com\/fr-ca\/wp-content\/uploads\/sites\/2\/2026\/04\/pn0185__image-hi-res__veinsense-beautiful-legs-formula-vegetarian-capsules__964166.png",600,600,false],"woocommerce_gallery_thumbnail":["https:\/\/womensense.com\/fr-ca\/wp-content\/uploads\/sites\/2\/2026\/04\/pn0185__image-hi-res__veinsense-beautiful-legs-formula-vegetarian-capsules__964166-100x100.png",100,100,true]},"uagb_author_info":{"display_name":"Shiva Thomson","author_link":"https:\/\/womensense.com\/fr-ca\/author\/"},"uagb_comment_info":0,"uagb_excerpt":"Utilis\u00e9 en phytoth\u00e9rapie pour le traitement des varices et de l\u2019insuffisance veineuse chronique Aide \u00e0 soulager la douleur, l\u2019enflure et les crampes dues \u00e0 l\u2019insuffisance veineuse Am\u00e9liore l\u2019apparence des varices et des varicosit\u00e9s R\u00e9duit la r\u00e9tention d\u2019eau afin d\u2019all\u00e9ger la pression dans les jambes Contient les antioxydants diosmine et hesp\u00e9ridine Con\u00e7u pour la sant\u00e9 et&hellip;","_links":{"self":[{"href":"https:\/\/womensense.com\/fr-ca\/wp-json\/wp\/v2\/product\/4063","targetHints":{"allow":["GET"]}}],"collection":[{"href":"https:\/\/womensense.com\/fr-ca\/wp-json\/wp\/v2\/product"}],"about":[{"href":"https:\/\/womensense.com\/fr-ca\/wp-json\/wp\/v2\/types\/product"}],"wp:featuredmedia":[{"embeddable":true,"href":"https:\/\/womensense.com\/fr-ca\/wp-json\/wp\/v2\/media\/4793"}],"wp:attachment":[{"href":"https:\/\/womensense.com\/fr-ca\/wp-json\/wp\/v2\/media?parent=4063"}],"wp:term":[{"taxonomy":"benefit","embeddable":true,"href":"https:\/\/womensense.com\/fr-ca\/wp-json\/wp\/v2\/benefit?post=4063"},{"taxonomy":"product_brand","embeddable":true,"href":"https:\/\/womensense.com\/fr-ca\/wp-json\/wp\/v2\/product_brand?post=4063"},{"taxonomy":"product_cat","embeddable":true,"href":"https:\/\/womensense.com\/fr-ca\/wp-json\/wp\/v2\/product_cat?post=4063"},{"taxonomy":"product_tag","embeddable":true,"href":"https:\/\/womensense.com\/fr-ca\/wp-json\/wp\/v2\/product_tag?post=4063"}],"curies":[{"name":"wp","href":"https:\/\/api.w.org\/{rel}","templated":true}]}}