{"id":4069,"date":"2026-04-21T08:36:56","date_gmt":"2026-04-21T15:36:56","guid":{"rendered":"https:\/\/ws.local\/product\/estrosense-hormone-balancing-therapy-vegetarian-capsules\/"},"modified":"2026-04-21T08:37:00","modified_gmt":"2026-04-21T15:37:00","slug":"estrosense-therapie-de-regulation-hormonale","status":"publish","type":"product","link":"https:\/\/womensense.com\/fr-ca\/product\/estrosense-therapie-de-regulation-hormonale\/","title":{"rendered":"EstroSense th\u00e9rapie de r\u00e9gulation hormonale"},"content":{"rendered":"<div class=\"fg-summary\">\n\t EstroSense est une pr\u00e9paration naturelle compl\u00e8te  compos\u00e9e de : D-glucarate de calcium, indole-3-carbinol,  extrait de th\u00e9 vert, extrait de curcuma, extrait de romarin,  lycop\u00e8ne, sulphoraphane, extrait de chardon-Marie. Les  praticiens de la sant\u00e9 recommandent EstroSense pour favoriser le sain m\u00e9tabolisme des oestrog\u00e8nes.  EstroSense est \u00e9galement une source d\u2019antioxydants  qui contribuent au maintien d\u2019une bonne sant\u00e9.\n<\/div>\n<ul class=\"fg-features\">\n<li> Favorise le sain m\u00e9tabolisme des oestrog\u00e8nes <\/li>\n<li> Aide au maintien de l\u2019\u00e9quilibre hormonal <\/li>\n<li> R\u00e9duit les sympt\u00f4mes de dominance oestrog\u00e9nique <\/li>\n<\/ul>\n","protected":false},"excerpt":{"rendered":"<div class=\"fg-summary\">\n\t EstroSense est une pr\u00e9paration naturelle compl\u00e8te  compos\u00e9e de : D-glucarate de calcium, indole-3-carbinol,  extrait de th\u00e9 vert, extrait de curcuma, extrait de romarin,  lycop\u00e8ne, sulphoraphane, extrait de chardon-Marie. Les  praticiens de la sant\u00e9 recommandent EstroSense pour favoriser le sain m\u00e9tabolisme des oestrog\u00e8nes.  EstroSense est \u00e9galement une source d\u2019antioxydants  qui contribuent au maintien d\u2019une bonne sant\u00e9.\n<\/div>\n<ul class=\"fg-features\">\n<li> Favorise le sain m\u00e9tabolisme des oestrog\u00e8nes <\/li>\n<li> Aide au maintien de l\u2019\u00e9quilibre hormonal <\/li>\n<li> R\u00e9duit les sympt\u00f4mes de dominance oestrog\u00e9nique <\/li>\n<\/ul>\n","protected":false},"featured_media":4795,"template":"","meta":{"_acf_changed":false,"_uag_custom_page_level_css":"","site-sidebar-layout":"default","site-content-layout":"","ast-site-content-layout":"default","site-content-style":"default","site-sidebar-style":"default","ast-global-header-display":"","ast-banner-title-visibility":"","ast-main-header-display":"","ast-hfb-above-header-display":"","ast-hfb-below-header-display":"","ast-hfb-mobile-header-display":"","site-post-title":"","ast-breadcrumbs-content":"","ast-featured-img":"","footer-sml-layout":"","ast-disable-related-posts":"","theme-transparent-header-meta":"","adv-header-id-meta":"","stick-header-meta":"","header-above-stick-meta":"","header-main-stick-meta":"","header-below-stick-meta":"","astra-migrate-meta-layouts":"default","ast-page-background-enabled":"default","ast-page-background-meta":{"desktop":{"background-color":"var(--ast-global-color-4)","background-image":"","background-repeat":"repeat","background-position":"center center","background-size":"auto","background-attachment":"scroll","background-type":"","background-media":"","overlay-type":"","overlay-color":"","overlay-opacity":"","overlay-gradient":""},"tablet":{"background-color":"","background-image":"","background-repeat":"repeat","background-position":"center center","background-size":"auto","background-attachment":"scroll","background-type":"","background-media":"","overlay-type":"","overlay-color":"","overlay-opacity":"","overlay-gradient":""},"mobile":{"background-color":"","background-image":"","background-repeat":"repeat","background-position":"center center","background-size":"auto","background-attachment":"scroll","background-type":"","background-media":"","overlay-type":"","overlay-color":"","overlay-opacity":"","overlay-gradient":""}},"ast-content-background-meta":{"desktop":{"background-color":"var(--ast-global-color-5)","background-image":"","background-repeat":"repeat","background-position":"center center","background-size":"auto","background-attachment":"scroll","background-type":"","background-media":"","overlay-type":"","overlay-color":"","overlay-opacity":"","overlay-gradient":""},"tablet":{"background-color":"var(--ast-global-color-5)","background-image":"","background-repeat":"repeat","background-position":"center center","background-size":"auto","background-attachment":"scroll","background-type":"","background-media":"","overlay-type":"","overlay-color":"","overlay-opacity":"","overlay-gradient":""},"mobile":{"background-color":"var(--ast-global-color-5)","background-image":"","background-repeat":"repeat","background-position":"center center","background-size":"auto","background-attachment":"scroll","background-type":"","background-media":"","overlay-type":"","overlay-color":"","overlay-opacity":"","overlay-gradient":""}}},"benefit":[263,262],"product_brand":[],"product_cat":[283],"product_tag":[170],"class_list":{"0":"post-4069","1":"product","2":"type-product","3":"status-publish","4":"has-post-thumbnail","6":"benefit-menopause","7":"benefit-regulation-hormonale","8":"product_cat-indole-3-carbinol","9":"product_tag-active","10":"desktop-align-center","11":"tablet-align-left","12":"mobile-align-left","13":"ast-product-gallery-layout-horizontal-slider","14":"ast-product-gallery-with-no-image","15":"ast-magnify-disabled","16":"ast-product-single-variable","17":"ast-product-tabs-layout-horizontal","19":"first","20":"instock","21":"product-type-variable","22":"has-default-attributes"},"acf":[],"yoast_head":"<!-- This site is optimized with the Yoast SEO plugin v27.4 - https:\/\/yoast.com\/product\/yoast-seo-wordpress\/ -->\n<title>EstroSense th\u00e9rapie de r\u00e9gulation hormonale - WomenSense French<\/title>\n<meta name=\"robots\" content=\"index, follow, max-snippet:-1, max-image-preview:large, max-video-preview:-1\" \/>\n<link rel=\"canonical\" href=\"https:\/\/womensense.com\/fr-ca\/product\/estrosense-therapie-de-regulation-hormonale\/\" \/>\n<meta property=\"og:locale\" content=\"fr_CA\" \/>\n<meta property=\"og:type\" content=\"article\" \/>\n<meta property=\"og:title\" content=\"EstroSense th\u00e9rapie de r\u00e9gulation hormonale - WomenSense French\" \/>\n<meta property=\"og:description\" content=\"EstroSense est une pr\u00e9paration naturelle compl\u00e8te compos\u00e9e de : D-glucarate de calcium, indole-3-carbinol, extrait de th\u00e9 vert, extrait de curcuma, extrait de romarin, lycop\u00e8ne, sulphoraphane, extrait de chardon-Marie. Les praticiens de la sant\u00e9 recommandent EstroSense pour favoriser le sain m\u00e9tabolisme des oestrog\u00e8nes. EstroSense est \u00e9galement une source d\u2019antioxydants qui contribuent au maintien d\u2019une bonne sant\u00e9.    Favorise le sain m\u00e9tabolisme des oestrog\u00e8nes  Aide au maintien de l\u2019\u00e9quilibre hormonal  R\u00e9duit les sympt\u00f4mes de dominance oestrog\u00e9nique\" \/>\n<meta property=\"og:url\" content=\"https:\/\/womensense.com\/fr-ca\/product\/estrosense-therapie-de-regulation-hormonale\/\" \/>\n<meta property=\"og:site_name\" content=\"WomenSense French\" \/>\n<meta property=\"article:modified_time\" content=\"2026-04-21T15:37:00+00:00\" \/>\n<meta property=\"og:image\" content=\"http:\/\/womensense.com\/fr-ca\/wp-content\/uploads\/sites\/2\/2026\/04\/pn0533__image-hi-res__estrosense-hormone-balancing-therapy-vegetarian-capsules__903909.png\" \/>\n\t<meta property=\"og:image:width\" content=\"600\" \/>\n\t<meta property=\"og:image:height\" content=\"600\" \/>\n\t<meta property=\"og:image:type\" content=\"image\/png\" \/>\n<meta name=\"twitter:card\" content=\"summary_large_image\" \/>\n<script type=\"application\/ld+json\" class=\"yoast-schema-graph\">{\"@context\":\"https:\\\/\\\/schema.org\",\"@graph\":[{\"@type\":\"WebPage\",\"@id\":\"https:\\\/\\\/womensense.com\\\/fr-ca\\\/product\\\/estrosense-therapie-de-regulation-hormonale\\\/\",\"url\":\"https:\\\/\\\/womensense.com\\\/fr-ca\\\/product\\\/estrosense-therapie-de-regulation-hormonale\\\/\",\"name\":\"EstroSense th\u00e9rapie de r\u00e9gulation hormonale - WomenSense French\",\"isPartOf\":{\"@id\":\"https:\\\/\\\/womensense.com\\\/fr-ca\\\/#website\"},\"primaryImageOfPage\":{\"@id\":\"https:\\\/\\\/womensense.com\\\/fr-ca\\\/product\\\/estrosense-therapie-de-regulation-hormonale\\\/#primaryimage\"},\"image\":{\"@id\":\"https:\\\/\\\/womensense.com\\\/fr-ca\\\/product\\\/estrosense-therapie-de-regulation-hormonale\\\/#primaryimage\"},\"thumbnailUrl\":\"https:\\\/\\\/womensense.com\\\/fr-ca\\\/wp-content\\\/uploads\\\/sites\\\/2\\\/2026\\\/04\\\/pn0533__image-hi-res__estrosense-hormone-balancing-therapy-vegetarian-capsules__903909.png\",\"datePublished\":\"2026-04-21T15:36:56+00:00\",\"dateModified\":\"2026-04-21T15:37:00+00:00\",\"breadcrumb\":{\"@id\":\"https:\\\/\\\/womensense.com\\\/fr-ca\\\/product\\\/estrosense-therapie-de-regulation-hormonale\\\/#breadcrumb\"},\"inLanguage\":\"fr-CA\",\"potentialAction\":[{\"@type\":\"ReadAction\",\"target\":[\"https:\\\/\\\/womensense.com\\\/fr-ca\\\/product\\\/estrosense-therapie-de-regulation-hormonale\\\/\"]}]},{\"@type\":\"ImageObject\",\"inLanguage\":\"fr-CA\",\"@id\":\"https:\\\/\\\/womensense.com\\\/fr-ca\\\/product\\\/estrosense-therapie-de-regulation-hormonale\\\/#primaryimage\",\"url\":\"https:\\\/\\\/womensense.com\\\/fr-ca\\\/wp-content\\\/uploads\\\/sites\\\/2\\\/2026\\\/04\\\/pn0533__image-hi-res__estrosense-hormone-balancing-therapy-vegetarian-capsules__903909.png\",\"contentUrl\":\"https:\\\/\\\/womensense.com\\\/fr-ca\\\/wp-content\\\/uploads\\\/sites\\\/2\\\/2026\\\/04\\\/pn0533__image-hi-res__estrosense-hormone-balancing-therapy-vegetarian-capsules__903909.png\",\"width\":600,\"height\":600,\"caption\":\"EstroSense(MD) thrapie de rgulation hormonale capsules vgtariennes - Hi-Res - PN0533\"},{\"@type\":\"BreadcrumbList\",\"@id\":\"https:\\\/\\\/womensense.com\\\/fr-ca\\\/product\\\/estrosense-therapie-de-regulation-hormonale\\\/#breadcrumb\",\"itemListElement\":[{\"@type\":\"ListItem\",\"position\":1,\"name\":\"Home\",\"item\":\"https:\\\/\\\/womensense.com\\\/fr-ca\\\/\"},{\"@type\":\"ListItem\",\"position\":2,\"name\":\"Products\",\"item\":\"https:\\\/\\\/womensense.com\\\/fr-ca\\\/products\\\/\"},{\"@type\":\"ListItem\",\"position\":3,\"name\":\"EstroSense th\u00e9rapie de r\u00e9gulation hormonale\"}]},{\"@type\":\"WebSite\",\"@id\":\"https:\\\/\\\/womensense.com\\\/fr-ca\\\/#website\",\"url\":\"https:\\\/\\\/womensense.com\\\/fr-ca\\\/\",\"name\":\"WomenSense French\",\"description\":\"\",\"publisher\":{\"@id\":\"https:\\\/\\\/womensense.com\\\/fr-ca\\\/#organization\"},\"potentialAction\":[{\"@type\":\"SearchAction\",\"target\":{\"@type\":\"EntryPoint\",\"urlTemplate\":\"https:\\\/\\\/womensense.com\\\/fr-ca\\\/?s={search_term_string}\"},\"query-input\":{\"@type\":\"PropertyValueSpecification\",\"valueRequired\":true,\"valueName\":\"search_term_string\"}}],\"inLanguage\":\"fr-CA\"},{\"@type\":\"Organization\",\"@id\":\"https:\\\/\\\/womensense.com\\\/fr-ca\\\/#organization\",\"name\":\"WomenSense French\",\"url\":\"https:\\\/\\\/womensense.com\\\/fr-ca\\\/\",\"logo\":{\"@type\":\"ImageObject\",\"inLanguage\":\"fr-CA\",\"@id\":\"https:\\\/\\\/womensense.com\\\/fr-ca\\\/#\\\/schema\\\/logo\\\/image\\\/\",\"url\":\"https:\\\/\\\/womensense.com\\\/fr-ca\\\/wp-content\\\/uploads\\\/sites\\\/2\\\/2026\\\/02\\\/ws-logo.svg\",\"contentUrl\":\"https:\\\/\\\/womensense.com\\\/fr-ca\\\/wp-content\\\/uploads\\\/sites\\\/2\\\/2026\\\/02\\\/ws-logo.svg\",\"width\":1454,\"height\":662,\"caption\":\"WomenSense French\"},\"image\":{\"@id\":\"https:\\\/\\\/womensense.com\\\/fr-ca\\\/#\\\/schema\\\/logo\\\/image\\\/\"}}]}<\/script>\n<!-- \/ Yoast SEO plugin. -->","yoast_head_json":{"title":"EstroSense th\u00e9rapie de r\u00e9gulation hormonale - WomenSense French","robots":{"index":"index","follow":"follow","max-snippet":"max-snippet:-1","max-image-preview":"max-image-preview:large","max-video-preview":"max-video-preview:-1"},"canonical":"https:\/\/womensense.com\/fr-ca\/product\/estrosense-therapie-de-regulation-hormonale\/","og_locale":"fr_CA","og_type":"article","og_title":"EstroSense th\u00e9rapie de r\u00e9gulation hormonale - WomenSense French","og_description":"EstroSense est une pr\u00e9paration naturelle compl\u00e8te compos\u00e9e de : D-glucarate de calcium, indole-3-carbinol, extrait de th\u00e9 vert, extrait de curcuma, extrait de romarin, lycop\u00e8ne, sulphoraphane, extrait de chardon-Marie. Les praticiens de la sant\u00e9 recommandent EstroSense pour favoriser le sain m\u00e9tabolisme des oestrog\u00e8nes. EstroSense est \u00e9galement une source d\u2019antioxydants qui contribuent au maintien d\u2019une bonne sant\u00e9.    Favorise le sain m\u00e9tabolisme des oestrog\u00e8nes  Aide au maintien de l\u2019\u00e9quilibre hormonal  R\u00e9duit les sympt\u00f4mes de dominance oestrog\u00e9nique","og_url":"https:\/\/womensense.com\/fr-ca\/product\/estrosense-therapie-de-regulation-hormonale\/","og_site_name":"WomenSense French","article_modified_time":"2026-04-21T15:37:00+00:00","og_image":[{"width":600,"height":600,"url":"http:\/\/womensense.com\/fr-ca\/wp-content\/uploads\/sites\/2\/2026\/04\/pn0533__image-hi-res__estrosense-hormone-balancing-therapy-vegetarian-capsules__903909.png","type":"image\/png"}],"twitter_card":"summary_large_image","schema":{"@context":"https:\/\/schema.org","@graph":[{"@type":"WebPage","@id":"https:\/\/womensense.com\/fr-ca\/product\/estrosense-therapie-de-regulation-hormonale\/","url":"https:\/\/womensense.com\/fr-ca\/product\/estrosense-therapie-de-regulation-hormonale\/","name":"EstroSense th\u00e9rapie de r\u00e9gulation hormonale - WomenSense French","isPartOf":{"@id":"https:\/\/womensense.com\/fr-ca\/#website"},"primaryImageOfPage":{"@id":"https:\/\/womensense.com\/fr-ca\/product\/estrosense-therapie-de-regulation-hormonale\/#primaryimage"},"image":{"@id":"https:\/\/womensense.com\/fr-ca\/product\/estrosense-therapie-de-regulation-hormonale\/#primaryimage"},"thumbnailUrl":"https:\/\/womensense.com\/fr-ca\/wp-content\/uploads\/sites\/2\/2026\/04\/pn0533__image-hi-res__estrosense-hormone-balancing-therapy-vegetarian-capsules__903909.png","datePublished":"2026-04-21T15:36:56+00:00","dateModified":"2026-04-21T15:37:00+00:00","breadcrumb":{"@id":"https:\/\/womensense.com\/fr-ca\/product\/estrosense-therapie-de-regulation-hormonale\/#breadcrumb"},"inLanguage":"fr-CA","potentialAction":[{"@type":"ReadAction","target":["https:\/\/womensense.com\/fr-ca\/product\/estrosense-therapie-de-regulation-hormonale\/"]}]},{"@type":"ImageObject","inLanguage":"fr-CA","@id":"https:\/\/womensense.com\/fr-ca\/product\/estrosense-therapie-de-regulation-hormonale\/#primaryimage","url":"https:\/\/womensense.com\/fr-ca\/wp-content\/uploads\/sites\/2\/2026\/04\/pn0533__image-hi-res__estrosense-hormone-balancing-therapy-vegetarian-capsules__903909.png","contentUrl":"https:\/\/womensense.com\/fr-ca\/wp-content\/uploads\/sites\/2\/2026\/04\/pn0533__image-hi-res__estrosense-hormone-balancing-therapy-vegetarian-capsules__903909.png","width":600,"height":600,"caption":"EstroSense(MD) thrapie de rgulation hormonale capsules vgtariennes - Hi-Res - PN0533"},{"@type":"BreadcrumbList","@id":"https:\/\/womensense.com\/fr-ca\/product\/estrosense-therapie-de-regulation-hormonale\/#breadcrumb","itemListElement":[{"@type":"ListItem","position":1,"name":"Home","item":"https:\/\/womensense.com\/fr-ca\/"},{"@type":"ListItem","position":2,"name":"Products","item":"https:\/\/womensense.com\/fr-ca\/products\/"},{"@type":"ListItem","position":3,"name":"EstroSense th\u00e9rapie de r\u00e9gulation hormonale"}]},{"@type":"WebSite","@id":"https:\/\/womensense.com\/fr-ca\/#website","url":"https:\/\/womensense.com\/fr-ca\/","name":"WomenSense French","description":"","publisher":{"@id":"https:\/\/womensense.com\/fr-ca\/#organization"},"potentialAction":[{"@type":"SearchAction","target":{"@type":"EntryPoint","urlTemplate":"https:\/\/womensense.com\/fr-ca\/?s={search_term_string}"},"query-input":{"@type":"PropertyValueSpecification","valueRequired":true,"valueName":"search_term_string"}}],"inLanguage":"fr-CA"},{"@type":"Organization","@id":"https:\/\/womensense.com\/fr-ca\/#organization","name":"WomenSense French","url":"https:\/\/womensense.com\/fr-ca\/","logo":{"@type":"ImageObject","inLanguage":"fr-CA","@id":"https:\/\/womensense.com\/fr-ca\/#\/schema\/logo\/image\/","url":"https:\/\/womensense.com\/fr-ca\/wp-content\/uploads\/sites\/2\/2026\/02\/ws-logo.svg","contentUrl":"https:\/\/womensense.com\/fr-ca\/wp-content\/uploads\/sites\/2\/2026\/02\/ws-logo.svg","width":1454,"height":662,"caption":"WomenSense French"},"image":{"@id":"https:\/\/womensense.com\/fr-ca\/#\/schema\/logo\/image\/"}}]}},"spectra_custom_meta":{"total_sales":["0"],"_stock_status":["instock"],"product_title_wrapper_bg":["product_title_wrapper_bg--mint"],"_product_title_wrapper_bg":["field_69976ef3c879f"],"_wp_old_slug":["estrosense-hormone-balancing-therapy-vegetarian-capsules","estrosense-hormone-balancing-therapy__trashed","estrosense-hormone-balancing-therapy"],"_wc_review_count":["0"],"_wc_rating_count":["0"],"_wc_average_rating":["0"],"_sku":["PN0533"],"_tax_status":["none"],"_tax_class":[""],"_manage_stock":["no"],"_backorders":["no"],"_sold_individually":["no"],"_virtual":["no"],"_downloadable":["no"],"_download_limit":["-1"],"_download_expiry":["-1"],"_stock":[null],"_product_attributes":["a:1:{s:4:\"size\";a:6:{s:4:\"name\";s:4:\"Size\";s:5:\"value\";s:88:\"120\u00a0capsules v\u00e9g\u00e9tariennes|150\u00a0capsules v\u00e9g\u00e9tariennes|60\u00a0capsules v\u00e9g\u00e9tariennes\";s:8:\"position\";i:0;s:10:\"is_visible\";b:1;s:12:\"is_variation\";b:1;s:11:\"is_taxonomy\";b:0;}}"],"_product_version":["10.7.0"],"__is_newly_created_product":[""],"__first_variation_id":["4070"],"_product_id":["field_668afd01d6a11"],"product_id":["AN-CA-6-28826-00533-9"],"_subtitle":["field_68bb7abccd685"],"subtitle":[""],"_body":["field_66652d1802dae"],"body":[""],"_excerpt":["field_66652d2f02daf"],"excerpt":[""],"_marketing_summary":["field_68bb7bb6cd689"],"marketing_summary":["EstroSense est une pr\u00e9paration naturelle compl\u00e8te  compos\u00e9e de : D-glucarate de calcium, indole-3-carbinol,  extrait de th\u00e9 vert, extrait de curcuma, extrait de romarin,  lycop\u00e8ne, sulphoraphane, extrait de chardon-Marie. Les  praticiens de la sant\u00e9 recommandent EstroSense pour favoriser le sain m\u00e9tabolisme des oestrog\u00e8nes.  EstroSense est \u00e9galement une source d\u2019antioxydants  qui contribuent au maintien d\u2019une bonne sant\u00e9."],"_medicinal_ingredients":["field_66652dba0405a"],"medicinal_ingredients":["<table class=\"fg-table\" border=\"1\" collapse=\"collapse\"> <thead class=\"fg-head\"> <tr> <td colspan=\"2\"><b>Chaque 3 capsules v\u00e9g\u00e9tariennes contiennent : <\/td> <\/tr> <\/thead> <tbody> <tr> <td colspan=\"2\">Ingr\u00e9dients m\u00e9dicinaux : <\/td> <\/tr> <tr> <td colspan=\"1\">D-glucarate de calcium <\/td> <td> 225 mg<\/td> <\/tr> <tr> <td colspan=\"1\">Indole-3-Carbinol <\/td> <td> 225 mg<\/td> <\/tr> <tr> <td colspan=\"1\">Extrait de th\u00e9 vert (Camellia sinensis) (feuille) (80 % de cat\u00e9chines, &lt;1 % de caf\u00e9ine) <\/td> <td> 150 mg<\/td> <\/tr> <tr> <td colspan=\"1\">Extrait de curcuma (Curcuma longa) (rhizome) (95 % de curcumino\u00efdes) <\/td> <td> 75 mg<\/td> <\/tr> <tr> <td colspan=\"1\">Extrait de chardon-Marie (Silybum marianum) (graine) (60 % de silymarine) <\/td> <td> 75 mg<\/td> <\/tr> <tr> <td colspan=\"1\">Extrait de romarin (Rosmarinus officinalis) (feuille) <\/td> <td> 37.5 mg<\/td> <\/tr> <tr> <td colspan=\"1\">Extrait de tomate (Lycopersicon esculentum) (fruit) <\/td> <td> 150 mg<\/td> <\/tr> <tr> <td colspan=\"1\">Lycop\u00e8ne <\/td> <td> 7.5 mg<\/td> <\/tr> <tr> <td colspan=\"1\">Poudre de brocoli (d\u00e9riv\u00e9e de BroccoPhane<sup>MC<\/sup>) (Brassica oleracea var. italica) (parties a\u00e9riennes) <\/td> <td> 82.5 mg<\/td> <\/tr> <tr> <td colspan=\"1\">Sulforaphane <\/td> <td> 300 mg<\/td> <\/tr> <\/tbody> <\/table>"],"_non_medicinal_ingredients":["field_66652dd456ed8"],"non_medicinal_ingredients":["cellulose microcristalline, capsule  v\u00e9g\u00e9tarienne (cellulose, eau purifi\u00e9e), st\u00e9arate de magn\u00e9sium d\u2019origine v\u00e9g\u00e9tale (lubrifiant), silice."],"_recommended_purpose":["field_68bb7b43cd688"],"recommended_purpose":["<ul><li>Favorise le bon m\u00e9tabolisme des \u0153strog\u00e8nes.&nbsp;<\/li><li>Source d\u2019antioxydants pour le maintien d\u2019une bonne sant\u00e9.<\/li><\/ul>"],"_recommended_dose":["field_6665306d56edd"],"recommended_dose":["Posologie recommand\u00e9e (adultes) : 3 capsules une fois par jour avec de la nourriture  ou suivre les recommandations d\u2019un praticien de la sant\u00e9. Utiliser pendant au moins  3 semaines pour \u00eatre en mesure de constater les effets b\u00e9n\u00e9fiques."],"_allergen_statement":["field_66652e0e56ed9"],"allergen_statement":["Ce produit ne contient pas d\u2019agents de conservation, colorants ou \u00e9dulcorants artificiels ; sans produits laitiers, sucre, bl\u00e9, gluten, levure, soja, \u0153ufs, poissons, fruits de mer, produits animaux, sel, noix ni OGM. Convient aux v\u00e9g\u00e9tariens et v\u00e9g\u00e9taliens."],"_label_caution":["field_6665307456ede"],"label_caution":["Ne pas utiliser en cas de grossesse ou d\u2019allaitement, ou si vous avez  une carence en fer. Consulter un praticien de la sant\u00e9 avant l\u2019usage si vous avez une  maladie du foie ou si vous d\u00e9veloppez des sympt\u00f4mes de troubles du foie. Une hypersensibilit\u00e9\/  allergie peut se produire ; si tel est le cas, en cesser l\u2019usage. Consulter un  praticien de la sant\u00e9 avant l\u2019usage si vous souffrez de calculs biliaires, d\u2019une obstruction  du canal biliaire, d\u2019un ulc\u00e8re de l\u2019estomac ou d\u2019un exc\u00e8s d\u2019acide gastrique, ou si vous  prenez un m\u00e9dicament quelconque. Consulter un praticien de la sant\u00e9 avant l\u2019usage  si vous essayez de concevoir. Consulter un praticien de la sant\u00e9 avant l\u2019usage si vous  prenez un anticoagulant ou un m\u00e9dicament antiplaquettaire, si vos concentrations  d\u2019oestrog\u00e8nes sont faibles ou si vous pr\u00e9sentez des sympt\u00f4mes de faibles concentrations  d\u2019oestrog\u00e8nes. Conserver hors de la port\u00e9e des enfants."],"_strength":["field_6665304656eda"],"strength":[""],"_flavour":["field_6665305356edb"],"flavour":[""],"_form":["field_6665305a56edc"],"form":["capsules v\u00e9g\u00e9tariennes"],"_npn":["field_68bb7ac9cd686"],"npn":["80035630"],"_benefits":["field_69b84b4228258"],"benefits":[""],"_costco_product":["field_68bb7b36cd687"],"costco_product":[""],"_alt_lang_handle":["field_68bb7bc7cd68a"],"alt_lang_handle":[""],"_headline":["field_69d4403ef16a8"],"headline":["TH\u00c9RAPIE DE R\u00c9GULATION HORMONALE"],"_wp_page_template":["default"],"_thumbnail_id":["4795"],"_product_image_gallery":[""],"_price":["1","26.87","48.87"],"_default_attributes":["a:1:{s:4:\"size\";s:29:\"120\u00a0capsules v\u00e9g\u00e9tariennes\";}"],"_crosssell_ids":["a:0:{}"],"_uag_css_file_name":["uag-css-4069.css"]},"uagb_featured_image_src":{"full":["https:\/\/womensense.com\/fr-ca\/wp-content\/uploads\/sites\/2\/2026\/04\/pn0533__image-hi-res__estrosense-hormone-balancing-therapy-vegetarian-capsules__903909.png",600,600,false],"thumbnail":["https:\/\/womensense.com\/fr-ca\/wp-content\/uploads\/sites\/2\/2026\/04\/pn0533__image-hi-res__estrosense-hormone-balancing-therapy-vegetarian-capsules__903909-150x150.png",150,150,true],"medium":["https:\/\/womensense.com\/fr-ca\/wp-content\/uploads\/sites\/2\/2026\/04\/pn0533__image-hi-res__estrosense-hormone-balancing-therapy-vegetarian-capsules__903909-300x300.png",300,300,true],"medium_large":["https:\/\/womensense.com\/fr-ca\/wp-content\/uploads\/sites\/2\/2026\/04\/pn0533__image-hi-res__estrosense-hormone-balancing-therapy-vegetarian-capsules__903909.png",600,600,false],"large":["https:\/\/womensense.com\/fr-ca\/wp-content\/uploads\/sites\/2\/2026\/04\/pn0533__image-hi-res__estrosense-hormone-balancing-therapy-vegetarian-capsules__903909.png",600,600,false],"1536x1536":["https:\/\/womensense.com\/fr-ca\/wp-content\/uploads\/sites\/2\/2026\/04\/pn0533__image-hi-res__estrosense-hormone-balancing-therapy-vegetarian-capsules__903909.png",600,600,false],"2048x2048":["https:\/\/womensense.com\/fr-ca\/wp-content\/uploads\/sites\/2\/2026\/04\/pn0533__image-hi-res__estrosense-hormone-balancing-therapy-vegetarian-capsules__903909.png",600,600,false],"gform-image-choice-sm":["https:\/\/womensense.com\/fr-ca\/wp-content\/uploads\/sites\/2\/2026\/04\/pn0533__image-hi-res__estrosense-hormone-balancing-therapy-vegetarian-capsules__903909.png",300,300,false],"gform-image-choice-md":["https:\/\/womensense.com\/fr-ca\/wp-content\/uploads\/sites\/2\/2026\/04\/pn0533__image-hi-res__estrosense-hormone-balancing-therapy-vegetarian-capsules__903909.png",400,400,false],"gform-image-choice-lg":["https:\/\/womensense.com\/fr-ca\/wp-content\/uploads\/sites\/2\/2026\/04\/pn0533__image-hi-res__estrosense-hormone-balancing-therapy-vegetarian-capsules__903909.png",600,600,false],"woocommerce_thumbnail":["https:\/\/womensense.com\/fr-ca\/wp-content\/uploads\/sites\/2\/2026\/04\/pn0533__image-hi-res__estrosense-hormone-balancing-therapy-vegetarian-capsules__903909-300x300.png",300,300,true],"woocommerce_single":["https:\/\/womensense.com\/fr-ca\/wp-content\/uploads\/sites\/2\/2026\/04\/pn0533__image-hi-res__estrosense-hormone-balancing-therapy-vegetarian-capsules__903909.png",600,600,false],"woocommerce_gallery_thumbnail":["https:\/\/womensense.com\/fr-ca\/wp-content\/uploads\/sites\/2\/2026\/04\/pn0533__image-hi-res__estrosense-hormone-balancing-therapy-vegetarian-capsules__903909-100x100.png",100,100,true]},"uagb_author_info":{"display_name":"Shiva Thomson","author_link":"https:\/\/womensense.com\/fr-ca\/author\/"},"uagb_comment_info":0,"uagb_excerpt":"EstroSense est une pr\u00e9paration naturelle compl\u00e8te compos\u00e9e de : D-glucarate de calcium, indole-3-carbinol, extrait de th\u00e9 vert, extrait de curcuma, extrait de romarin, lycop\u00e8ne, sulphoraphane, extrait de chardon-Marie. Les praticiens de la sant\u00e9 recommandent EstroSense pour favoriser le sain m\u00e9tabolisme des oestrog\u00e8nes. EstroSense est \u00e9galement une source d\u2019antioxydants qui contribuent au maintien d\u2019une bonne sant\u00e9.&hellip;","_links":{"self":[{"href":"https:\/\/womensense.com\/fr-ca\/wp-json\/wp\/v2\/product\/4069","targetHints":{"allow":["GET"]}}],"collection":[{"href":"https:\/\/womensense.com\/fr-ca\/wp-json\/wp\/v2\/product"}],"about":[{"href":"https:\/\/womensense.com\/fr-ca\/wp-json\/wp\/v2\/types\/product"}],"wp:featuredmedia":[{"embeddable":true,"href":"https:\/\/womensense.com\/fr-ca\/wp-json\/wp\/v2\/media\/4795"}],"wp:attachment":[{"href":"https:\/\/womensense.com\/fr-ca\/wp-json\/wp\/v2\/media?parent=4069"}],"wp:term":[{"taxonomy":"benefit","embeddable":true,"href":"https:\/\/womensense.com\/fr-ca\/wp-json\/wp\/v2\/benefit?post=4069"},{"taxonomy":"product_brand","embeddable":true,"href":"https:\/\/womensense.com\/fr-ca\/wp-json\/wp\/v2\/product_brand?post=4069"},{"taxonomy":"product_cat","embeddable":true,"href":"https:\/\/womensense.com\/fr-ca\/wp-json\/wp\/v2\/product_cat?post=4069"},{"taxonomy":"product_tag","embeddable":true,"href":"https:\/\/womensense.com\/fr-ca\/wp-json\/wp\/v2\/product_tag?post=4069"}],"curies":[{"name":"wp","href":"https:\/\/api.w.org\/{rel}","templated":true}]}}